{"id":71274,"date":"2026-05-04T18:29:06","date_gmt":"2026-05-04T17:29:06","guid":{"rendered":"https:\/\/www.scope25.com\/?page_id=71274"},"modified":"2026-05-04T18:29:06","modified_gmt":"2026-05-04T17:29:06","slug":"mozne-vedlajsie-ucinky-lumiganu-003","status":"publish","type":"page","link":"http:\/\/www.scope25.com\/?page_id=71274","title":{"rendered":"Mo\u017en\u00e9 ved\u013eaj\u0161ie \u00fa\u010dinky Lumiganu 0.03 %"},"content":{"rendered":"<h1>Lumigan 0.03 % a alkohol\/jedlo: \u010do je bezpe\u010dn\u00e9 a \u010do nie<\/h1>\n<p>Pochopenie interakci\u00ed medzi Lumiganom 0.03%, alkohol a jedlo s\u00fa k\u013e\u00fa\u010dov\u00e9 pre zabezpe\u010denie \u00fa\u010dinnej lie\u010dby a minimaliz\u00e1ciu potenci\u00e1lnych ved\u013eaj\u0161\u00edch \u00fa\u010dinkov.<\/p>\n<h2>Pochopenie Lumiganu 0.03% a jeho pou\u017eitie<\/h2>\n<p>Lumigan 0.03% je liek na predpis, ktor\u00fd sa prim\u00e1rne pou\u017e\u00edva pri lie\u010dbe ur\u010dit\u00fdch typov glauk\u00f3mu a o\u010dnej hypertenzie. Patr\u00ed do triedy liekov zn\u00e1mych ako anal\u00f3gy prostagland\u00ednov, ktor\u00e9 p\u00f4sobia na zn\u00ed\u017eenie vn\u00fatroo\u010dn\u00e9ho tlaku zv\u00fd\u0161en\u00edm odtoku vodnej tekutiny z oka. Toto zn\u00ed\u017eenie o\u010dn\u00e9ho tlaku pom\u00e1ha predch\u00e1dza\u0165 po\u0161kodeniu zrakov\u00e9ho nervu, \u010do m\u00f4\u017ee vies\u0165 k strate zraku, ak sa nelie\u010di.<\/p>\n<p>Okrem prim\u00e1rnej indik\u00e1cie, Lumigan 0.03% sa niekedy pou\u017e\u00edva mimo ozna\u010denia na kozmetick\u00e9 \u00fa\u010dely, ako je napr\u00edklad zv\u00fd\u0161enie rastu mihaln\u00edc. Toto sekund\u00e1rne pou\u017eitie si z\u00edskalo popularitu, hoci to nie je prim\u00e1rnym z\u00e1merom lieku. Pacienti, ktor\u00ed zva\u017euj\u00fa Lumigan na ak\u00fdko\u013evek \u00fa\u010del, by sa mali poradi\u0165 so svoj\u00edm poskytovate\u013eom zdravotnej starostlivosti, aby sa uistili, \u017ee je vhodn\u00fd pre ich \u0161pecifick\u00e9 potreby.<\/p>\n<h2>Ako Lumigan 0.03% Funguje v tele<\/h2>\n<p>Lumigan 0.03% funguje tak, \u017ee napodob\u0148uje \u00fa\u010dinky prirodzene sa vyskytuj\u00facich prostagland\u00ednov v tele. Pri aplik\u00e1cii do oka u\u013eah\u010duje odtok tekutiny, \u010d\u00edm zni\u017euje vn\u00fatroo\u010dn\u00fd tlak. Tento proces je \u017eivotne d\u00f4le\u017eit\u00fd pre pacientov s glauk\u00f3mom, preto\u017ee zv\u00fd\u0161en\u00fd tlak m\u00f4\u017ee sp\u00f4sobi\u0165 nezvratn\u00e9 po\u0161kodenie zrakov\u00e9ho nervu.<\/p>\n<p>Po podan\u00ed sa Lumigan vstreb\u00e1va cez rohovku a p\u00f4sob\u00ed pomerne r\u00fdchlo. Zvy\u010dajne sa aplikuje raz denne ve\u010der, preto\u017ee telo dok\u00e1\u017ee efekt\u00edvne spracova\u0165 liek cez noc, \u010d\u00edm sa zabezpe\u010d\u00ed optim\u00e1lne zn\u00ed\u017eenie o\u010dn\u00e9ho tlaku do nasleduj\u00faceho d\u0148a.<\/p>\n<h2>Mo\u017en\u00e9 ved\u013eaj\u0161ie \u00fa\u010dinky Lumiganu 0.03 %<\/h2>\n<p>Ako ka\u017ed\u00fd liek, aj Lumigan 0.03% m\u00f4\u017ee sp\u00f4sobi\u0165 ved\u013eaj\u0161ie \u00fa\u010dinky. Be\u017ene hl\u00e1sen\u00e9 probl\u00e9my zah\u0155\u0148aj\u00fa za\u010dervenanie o\u010d\u00ed, svrbenie a podr\u00e1\u017edenie. Tieto pr\u00edznaky s\u00fa zvy\u010dajne mierne a klesaj\u00fa s pokra\u010duj\u00facim pou\u017e\u00edvan\u00edm. Ak v\u0161ak pretrv\u00e1vaj\u00fa alebo sa zhor\u0161uj\u00fa, je d\u00f4le\u017eit\u00e9 kontaktova\u0165 zdravotn\u00edckeho pracovn\u00edka.<\/p>\n<p>Z\u00e1va\u017enej\u0161ie ved\u013eaj\u0161ie \u00fa\u010dinky, hoci zriedkav\u00e9, m\u00f4\u017eu zah\u0155\u0148a\u0165 zmeny videnia, boles\u0165 o\u010d\u00ed alebo pr\u00edznaky alergickej reakcie, ako je vyr\u00e1\u017eka alebo opuch. Dlhodob\u00e9 pou\u017e\u00edvanie Lumiganu m\u00f4\u017ee tie\u017e vies\u0165 k zmen\u00e1m farby d\u00fahovky alebo zv\u00fd\u0161enej pigment\u00e1cii o\u010dn\u00e9ho vie\u010dka. Odpor\u00fa\u010da sa sledovanie t\u00fdchto \u00fa\u010dinkov pravideln\u00fdmi o\u010dn\u00fdmi vy\u0161etreniami.<\/p>\n<h2>Konzum\u00e1cia alkoholu pri pou\u017e\u00edvan\u00ed Lumiganu 0.03 %<\/h2>\n<p>Interakcia medzi Lumiganom 0.03 % a alkohol je oblas\u0165ou, v ktorej sa mnoh\u00ed pacienti ob\u00e1vaj\u00fa. Hoci neexistuj\u00fa \u017eiadne priame d\u00f4kazy, ktor\u00e9 by nazna\u010dovali, \u017ee mierna konzum\u00e1cia alkoholu zhor\u0161uje ved\u013eaj\u0161ie \u00fa\u010dinky Lumiganu, nadmern\u00e9 pitie m\u00f4\u017ee potenci\u00e1lne zmeni\u0165 jeho \u00fa\u010dinnos\u0165 alebo zv\u00fd\u0161i\u0165 riziko ne\u017eiaducich reakci\u00ed.<\/p>\n<p>Alkohol m\u00f4\u017ee tie\u017e ovplyvni\u0165 celkov\u00e9 zdravie o\u010d\u00ed a jeho nadmern\u00e1 konzum\u00e1cia m\u00f4\u017ee prispie\u0165 k ochoreniam, ako s\u00fa such\u00e9 o\u010di alebo k zhor\u0161eniu existuj\u00facich o\u010dn\u00fdch ochoren\u00ed. Z tohto d\u00f4vodu sa odpor\u00fa\u010da miera a jednotlivci by si mali by\u0165 vedom\u00ed toho, ako ich telo reaguje na alkohol po\u010das u\u017e\u00edvania tohto lieku.<\/p>\n<h2>Dietetick\u00e9 \u00favahy s Lumiganom 0.03 %<\/h2>\n<p>Zatia\u013e \u010do Lumigan 0.03% sa prim\u00e1rne zaober\u00e1 zdrav\u00edm o\u010d\u00ed, udr\u017eiavanie vyv\u00e1\u017eenej stravy m\u00f4\u017ee podpori\u0165 celkov\u00e9 zdravie o\u010d\u00ed. \u017diviny ako omega-3 mastn\u00e9 kyseliny, vitam\u00edny A a C a zinok s\u00fa spojen\u00e9 s udr\u017eiavan\u00edm zdrav\u00e9ho zraku a m\u00f4\u017eu dop\u013a\u0148a\u0165 lie\u010debn\u00e9 \u00fa\u010dinky Lumiganu.<\/p>\n<p>Pacienti by sa mali <a href=\"https:\/\/priamalekarne.org\/lumigan-naklady-online-bez-predpisu\">Objedn\u00e1vka Lumigan 0,03% 3ml<\/a> zamera\u0165 na stravu bohat\u00fa na ovocie, zeleninu a celozrnn\u00e9 v\u00fdrobky a z\u00e1rove\u0148 obmedzi\u0165 pr\u00edjem spracovan\u00fdch potrav\u00edn. Tento pr\u00edstup nielen podporuje zdravie o\u010d\u00ed, ale podporuje aj celkov\u00fa pohodu, \u010do m\u00f4\u017ee by\u0165 prospe\u0161n\u00e9 pri zvl\u00e1dan\u00ed stavov, ako je glauk\u00f3m.<\/p>\n<h2>Interakcie medzi Lumiganom 0.03 % a Be\u017en\u00e9 potraviny<\/h2>\n<p>Existuj\u00fa obmedzen\u00e9 d\u00f4kazy, ktor\u00e9 nazna\u010duj\u00fa v\u00fdznamn\u00e9 interakcie medzi Lumiganom 0.03 % a \u0161pecifick\u00e9 potraviny. Udr\u017eiavanie dobr\u00fdch v\u00fd\u017eivov\u00fdch n\u00e1vykov v\u0161ak m\u00f4\u017ee pom\u00f4c\u0165 zabezpe\u010di\u0165, aby liek fungoval efekt\u00edvne. Potraviny s vysok\u00fdm obsahom antioxidantov, ako je listov\u00e1 zelenina a bobule, m\u00f4\u017eu spolu s lie\u010dbou Lumiganom podporova\u0165 zdravie o\u010d\u00ed.<\/p>\n<p>Aj ke\u010f priame interakcie s jedlom nie s\u00fa \u010dast\u00e9, pre pacientov je st\u00e1le d\u00f4le\u017eit\u00e9 sledova\u0165 ak\u00e9ko\u013evek zmeny, ktor\u00e9 zaznamenaj\u00fa pri zmene stravy po\u010das u\u017e\u00edvania Lumiganu. Ak\u00e9ko\u013evek vidite\u013en\u00e9 rozdiely v \u00fa\u010dinnosti lieku alebo ved\u013eaj\u0161\u00edch \u00fa\u010dinkoch by sa mali prediskutova\u0165 s poskytovate\u013eom zdravotnej starostlivosti.<\/p>\n<h2>Bezpe\u010dn\u00e9 postupy pre kombinovanie Lumiganu 0.03 % a alkohol<\/h2>\n<p>Pre t\u00fdch, ktor\u00ed pou\u017e\u00edvaj\u00fa Lumigan 0.03%, je d\u00f4le\u017eit\u00e9 dodr\u017eiava\u0165 bezpe\u010dn\u00e9 postupy pri konzum\u00e1cii alkoholu. To zah\u0155\u0148a obmedzenie pr\u00edjmu na mierne \u00farovne a pam\u00e4tajte na ak\u00e9ko\u013evek zmeny v tom, ako telo reaguje na lieky aj alkohol.<\/p>\n<p>Pacientom sa odpor\u00fa\u010da, aby zostali hydratovan\u00ed a vyh\u00fdbali sa nadmern\u00e9mu pitiu, \u010do m\u00f4\u017ee vies\u0165 k dehydrat\u00e1cii a potenci\u00e1lne zv\u00fd\u0161i\u0165 riziko podr\u00e1\u017edenia o\u010d\u00ed. Pozorovanie ak\u00fdchko\u013evek sympt\u00f3mov, ktor\u00e9 sa objavia pri pit\u00ed alkoholu, a ich prediskutovanie s lek\u00e1rom m\u00f4\u017ee pom\u00f4c\u0165 udr\u017ea\u0165 optim\u00e1lne podmienky lie\u010dby.<\/p>\n<h2>Ako r\u00f4zne potraviny ovplyv\u0148uj\u00fa Lumigan 0.03% \u00fa\u010dinnos\u0165<\/h2>\n<p>Celkov\u00e1 kvalita stravy m\u00f4\u017ee hra\u0165 \u00falohu v tom, ako telo reaguje na Lumigan 0.03 %. Strava bez z\u00e1kladn\u00fdch \u017eiv\u00edn m\u00f4\u017ee br\u00e1ni\u0165 schopnosti lieku \u00fa\u010dinne zni\u017eova\u0165 vn\u00fatroo\u010dn\u00fd tlak. Naopak, strava bohat\u00e1 na \u017eiviny m\u00f4\u017ee podpori\u0165 prirodzen\u00e9 procesy v tele a zv\u00fd\u0161i\u0165 \u00fa\u010dinnos\u0165 lieku.<\/p>\n<p>Aj ke\u010f sa nepreuk\u00e1zalo, \u017ee by \u017eiadne konkr\u00e9tne potraviny negat\u00edvne vpl\u00fdvali na v\u00fdkon Lumiganu, zabezpe\u010denie vyv\u00e1\u017een\u00e9ho pr\u00edjmu vitam\u00ednov a miner\u00e1lov m\u00f4\u017ee pom\u00f4c\u0165 udr\u017ea\u0165 zdravie o\u010d\u00ed a podpori\u0165 \u00fa\u010dinok lieku.<\/p>\n<h2>Monitorujte svoje zdravie po\u010das pou\u017e\u00edvania Lumiganu 0.03 %<\/h2>\n<p>Pravideln\u00e9 sledovanie zdravia o\u010d\u00ed je k\u013e\u00fa\u010dov\u00e9 pre t\u00fdch, ktor\u00ed pou\u017e\u00edvaj\u00fa Lumigan 0.03 %. To zah\u0155\u0148a pl\u00e1novanie rutinn\u00fdch o\u010dn\u00fdch vy\u0161etren\u00ed na pos\u00fadenie vn\u00fatroo\u010dn\u00e9ho tlaku a kontrolu ak\u00fdchko\u013evek zmien zraku alebo zdravia o\u010d\u00ed.<\/p>\n<p>Pacienti by si mali d\u00e1va\u0165 pozor aj na ak\u00e9ko\u013evek ved\u013eaj\u0161ie \u00fa\u010dinky alebo zmeny v tom, ako sa po\u010das lie\u010dby Lumiganom c\u00edtia. Vedenie denn\u00edka sympt\u00f3mov a diskusia o nich s poskytovate\u013eom zdravotnej starostlivosti m\u00f4\u017ee v pr\u00edpade potreby pom\u00f4c\u0165 pri \u00faprave pl\u00e1nov lie\u010dby.<\/p>\n<h2>Odpor\u00fa\u010dania od zdravotn\u00edkov<\/h2>\n<p>Poskytovatelia zdravotnej starostlivosti zvy\u010dajne odpor\u00fa\u010daj\u00fa pacientom, ktor\u00ed pou\u017e\u00edvaj\u00fa Lumigan 0.03 % dodr\u017eiava predp\u00edsan\u00e9 d\u00e1vky a aplika\u010dn\u00e9 sch\u00e9my. To zais\u0165uje, \u017ee liek je \u010do naj\u00fa\u010dinnej\u0161\u00ed pri zni\u017eovan\u00ed o\u010dn\u00e9ho tlaku.<\/p>\n<p>Odborn\u00edci tie\u017e odpor\u00fa\u010daj\u00fa pacientom, aby ak\u00e9ko\u013evek obavy t\u00fdkaj\u00face sa stravovania alebo konzum\u00e1cie alkoholu prediskutovali so svoj\u00edm lek\u00e1rom. Prisp\u00f4soben\u00fd pr\u00edstup zoh\u013ead\u0148uj\u00faci individu\u00e1lne zdravotn\u00e9 potreby a n\u00e1vyky \u017eivotn\u00e9ho \u0161t\u00fdlu m\u00f4\u017ee optimalizova\u0165 v\u00fdsledky lie\u010dby a z\u00e1rove\u0148 minimalizova\u0165 potenci\u00e1lne rizik\u00e1.<\/p>\n<h2>Be\u017en\u00e9 m\u00fdty o Lumigane 0.03 % a Alkohol\/Jedlo<\/h2>\n<p>Pou\u017e\u00edvanie Lumiganu 0 obklopuje nieko\u013eko m\u00fdtov.03 % vo vz\u0165ahu k jedlu a alkoholu. Jednou z be\u017en\u00fdch myln\u00fdch predst\u00e1v je, \u017ee alkoholu by sa malo \u00faplne vyhn\u00fa\u0165, hoci mierna konzum\u00e1cia je zvy\u010dajne bezpe\u010dn\u00e1. \u010eal\u0161\u00ed m\u00fdtus nazna\u010duje, \u017ee zmeny v stravovan\u00ed m\u00f4\u017eu v\u00fdrazne zmeni\u0165 \u00fa\u010dinnos\u0165 Lumiganu, o \u010dom v\u0161ak ch\u00fdbaj\u00fa podstatn\u00e9 d\u00f4kazy.<\/p>\n<p>Odha\u013eovanie t\u00fdchto m\u00fdtov zah\u0155\u0148a poskytovanie presn\u00fdch inform\u00e1ci\u00ed pacientom a podnecovanie otvorenej komunik\u00e1cie s poskytovate\u013emi zdravotnej starostlivosti s cie\u013eom rie\u0161i\u0165 ak\u00e9ko\u013evek obavy alebo nedorozumenia.<\/p>\n<h2>Prisp\u00f4sobenie stravy pri u\u017e\u00edvan\u00ed Lumiganu 0.03 %<\/h2>\n<p>Prisp\u00f4sobenie stravy po\u010das pou\u017e\u00edvania Lumiganu 0.03 % zah\u0155\u0148a zameranie sa na potraviny, ktor\u00e9 podporuj\u00fa zdravie o\u010d\u00ed. To m\u00f4\u017ee zah\u0155\u0148a\u0165 za\u010dlenenie v\u00e4\u010d\u0161ieho mno\u017estva potrav\u00edn bohat\u00fdch na omega-3 mastn\u00e9 kyseliny, ako s\u00fa ryby, a zv\u00fd\u0161enie pr\u00edjmu ovocia a zeleniny.<\/p>\n<p>Pacienti m\u00f4\u017eu tie\u017e zv\u00e1\u017ei\u0165 konzult\u00e1ciu s odborn\u00edkom na v\u00fd\u017eivu, aby vypracovali di\u00e9tny pl\u00e1n, ktor\u00fd dop\u013a\u0148a ich lie\u010dbu. Prisp\u00f4sobenie v\u00fdberu stravy individu\u00e1lnym preferenci\u00e1m a zdravotn\u00fdm cie\u013eom m\u00f4\u017ee zlep\u0161i\u0165 celkov\u00fa pohodu po\u010das u\u017e\u00edvania Lumiganu.<\/p>\n<h2>Tipy na zvl\u00e1danie ved\u013eaj\u0161\u00edch \u00fa\u010dinkov s\u00favisiacich s di\u00e9tou<\/h2>\n<p>Niektor\u00e9 \u00fapravy stravy m\u00f4\u017eu pom\u00f4c\u0165 zvl\u00e1dnu\u0165 ved\u013eaj\u0161ie \u00fa\u010dinky spojen\u00e9 s Lumiganom 0.03 %. Napr\u00edklad zv\u00fd\u0161en\u00e1 hydrat\u00e1cia m\u00f4\u017ee zmierni\u0165 pr\u00edznaky such\u00e9ho oka, zatia\u013e \u010do zn\u00ed\u017eenie pr\u00edjmu kofe\u00ednu m\u00f4\u017ee zn\u00ed\u017ei\u0165 podr\u00e1\u017edenie o\u010d\u00ed.<\/p>\n<p>Okrem toho udr\u017eiavanie vyv\u00e1\u017eenej stravy, ktor\u00e1 podporuje celkov\u00e9 zdravie, m\u00f4\u017ee zmierni\u0165 ved\u013eaj\u0161ie \u00fa\u010dinky. Pacienti by mali venova\u0165 pozornos\u0165 svojmu telu a pod\u013ea potreby vykona\u0165 zmeny v stravovan\u00ed av pr\u00edpade potreby sa poradi\u0165 s poskytovate\u013emi zdravotnej starostlivosti.<\/p>\n<h2>Pora\u010fte sa so svoj\u00edm lek\u00e1rom o Lumigane 0.03 % a Lifestyle Choices<\/h2>\n<p>Pri pou\u017e\u00edvan\u00ed Lumiganu 0 je nevyhnutn\u00e1 otvoren\u00e1 komunik\u00e1cia s lek\u00e1rom.03 %. Pacienti by mali prediskutova\u0165 v\u00fdber \u017eivotn\u00e9ho \u0161t\u00fdlu, vr\u00e1tane stravovania a konzum\u00e1cie alkoholu, aby sa zabezpe\u010dilo, \u017ee nebud\u00fa interferova\u0165 s lie\u010dbou.<\/p>\n<p>Lek\u00e1ri m\u00f4\u017eu pon\u00faknu\u0165 personalizovan\u00e9 poradenstvo s oh\u013eadom na celkov\u00fd zdravotn\u00fd stav pacienta, z\u00e1va\u017enos\u0165 jeho stavu a ak\u00e9ko\u013evek in\u00e9 lieky, ktor\u00e9 m\u00f4\u017eu u\u017e\u00edva\u0165. Tento pr\u00edstup pom\u00e1ha optimalizova\u0165 lie\u010dbu pri rie\u0161en\u00ed ak\u00fdchko\u013evek potenci\u00e1lnych probl\u00e9mov.<\/p>\n<h2>Bud\u00faci v\u00fdskum na Lumigan 0.03% a di\u00e9tne interakcie<\/h2>\n<p>Prebiehaj\u00faci v\u00fdskum je nevyhnutn\u00fd na \u00fapln\u00e9 pochopenie potenci\u00e1lnych interakci\u00ed medzi Lumiganom 0.03% a stravovacie n\u00e1vyky. Bud\u00face \u0161t\u00fadie m\u00f4\u017eu poskytn\u00fa\u0165 podrobnej\u0161ie inform\u00e1cie o tom, ako konkr\u00e9tne potraviny alebo \u017eiviny ovplyv\u0148uj\u00fa \u00fa\u010dinnos\u0165 a bezpe\u010dnos\u0165 lieku.<\/p>\n<p>Rozv\u00edjaj\u00faci sa org\u00e1n v\u00fdskumu bude na\u010falej informova\u0165 poskytovate\u013eov zdravotnej starostlivosti a pacientov, \u010do umo\u017en\u00ed personalizovanej\u0161ie a \u00fa\u010dinnej\u0161ie strat\u00e9gie lie\u010dby. Zosta\u0165 informovan\u00fd o nov\u00fdch zisteniach m\u00f4\u017ee pom\u00f4c\u0165 pacientom robi\u0165 kvalifikovan\u00e9 rozhodnutia o svojom zdrav\u00ed pri pou\u017e\u00edvan\u00ed Lumiganu 0.03 %.<\/p>\n","protected":false},"excerpt":{"rendered":"<p>Lumigan 0.03 % a alkohol\/jedlo: \u010do je bezpe\u010dn\u00e9 a \u010do nie Pochopenie interakci\u00ed medzi Lumiganom 0.03%, alkohol a jedlo s\u00fa k\u013e\u00fa\u010dov\u00e9 pre zabezpe\u010denie \u00fa\u010dinnej lie\u010dby a minimaliz\u00e1ciu potenci\u00e1lnych ved\u013eaj\u0161\u00edch \u00fa\u010dinkov. Pochopenie Lumiganu 0.03% a jeho pou\u017eitie Lumigan 0.03% je liek na predpis, ktor\u00fd sa prim\u00e1rne pou\u017e\u00edva pri lie\u010dbe ur\u010dit\u00fdch typov glauk\u00f3mu a o\u010dnej hypertenzie. Patr\u00ed [&hellip;]<\/p>\n","protected":false},"author":1,"featured_media":0,"parent":0,"menu_order":0,"comment_status":"closed","ping_status":"closed","template":"","meta":[],"_links":{"self":[{"href":"http:\/\/www.scope25.com\/index.php?rest_route=\/wp\/v2\/pages\/71274"}],"collection":[{"href":"http:\/\/www.scope25.com\/index.php?rest_route=\/wp\/v2\/pages"}],"about":[{"href":"http:\/\/www.scope25.com\/index.php?rest_route=\/wp\/v2\/types\/page"}],"author":[{"embeddable":true,"href":"http:\/\/www.scope25.com\/index.php?rest_route=\/wp\/v2\/users\/1"}],"replies":[{"embeddable":true,"href":"http:\/\/www.scope25.com\/index.php?rest_route=%2Fwp%2Fv2%2Fcomments&post=71274"}],"version-history":[{"count":1,"href":"http:\/\/www.scope25.com\/index.php?rest_route=\/wp\/v2\/pages\/71274\/revisions"}],"predecessor-version":[{"id":71276,"href":"http:\/\/www.scope25.com\/index.php?rest_route=\/wp\/v2\/pages\/71274\/revisions\/71276"}],"wp:attachment":[{"href":"http:\/\/www.scope25.com\/index.php?rest_route=%2Fwp%2Fv2%2Fmedia&parent=71274"}],"curies":[{"name":"wp","href":"https:\/\/api.w.org\/{rel}","templated":true}]}}