{"id":38746,"date":"2026-03-24T23:59:33","date_gmt":"2026-03-24T23:59:33","guid":{"rendered":"https:\/\/www.scope25.com\/?page_id=38746"},"modified":"2026-03-24T23:59:33","modified_gmt":"2026-03-24T23:59:33","slug":"yleisia-syita-miksi-viagra-soft-tabs-ei-ehka-toimi","status":"publish","type":"page","link":"http:\/\/www.scope25.com\/?page_id=38746","title":{"rendered":"Yleisi\u00e4 syit\u00e4, miksi Viagra Soft Tabs ei ehk\u00e4 toimi"},"content":{"rendered":"<h1>Viagra Soft Tabs ei toimi? Vianetsint\u00e4 ja vaihtoehdot<\/h1>\n<p>Ymm\u00e4rt\u00e4minen, miksi Viagra Soft Tabs ei ehk\u00e4 toimi, ja vaihtoehtojen tutkiminen voi auttaa hallitsemaan erektioh\u00e4iri\u00f6it\u00e4 tehokkaasti.<\/p>\n<h2>Yleisi\u00e4 syit\u00e4, miksi Viagra Soft Tabs ei ehk\u00e4 toimi<\/h2>\n<p>Viagra Soft Tabs on tarkoitettu auttamaan erektioh\u00e4iri\u00f6iden hoidossa lis\u00e4\u00e4m\u00e4ll\u00e4 verenkiertoa penikseen, mutta ne eiv\u00e4t toimi kaikille. Yksi yleinen syy niiden tehottomuuteen on v\u00e4\u00e4r\u00e4 k\u00e4ytt\u00f6, kuten l\u00e4\u00e4kkeen ottaminen ilman riitt\u00e4v\u00e4\u00e4 seksuaalista stimulaatiota. Viagra Soft Tabs vaatii toimiakseen seksuaalista kiihottumista, ja ilman sit\u00e4 toivottuja vaikutuksia ei v\u00e4ltt\u00e4m\u00e4tt\u00e4 esiinny.<\/p>\n<p>Toinen syy voi olla taustalla olevien sairauksien esiintyminen, jotka h\u00e4iritsev\u00e4t l\u00e4\u00e4kkeen tehoa. Diabetes, korkea verenpaine tai vakava syd\u00e4nsairaus voivat vaikuttaa Viagra Soft Tabsin toimintaan. Lis\u00e4ksi el\u00e4m\u00e4ntapatekij\u00e4t, kuten tupakointi tai liiallinen alkoholink\u00e4ytt\u00f6, voivat my\u00f6s vaikuttaa l\u00e4\u00e4kkeen tehon heikkenemiseen.<\/p>\n<h2>Viagra Soft Tabs -tablettien oikea k\u00e4ytt\u00f6 takaavat optimaaliset tulokset<\/h2>\n<p>Viagra Soft Tabsin optimaalisen tuloksen varmistamiseksi on t\u00e4rke\u00e4\u00e4 noudattaa annettuja ohjeita. L\u00e4\u00e4ke tulee ottaa noin 30 minuutista tuntiin ennen seksiin ryhtymist\u00e4. Vaikka se voidaan ottaa ruuan kanssa tai ilman, raskas tai runsasrasvainen ateria saattaa hidastaa sen imeytymist\u00e4 ja tehoa.<\/p>\n<p>Viagra Soft Tabs on suunniteltu liukenemaan nopeasti suussa, mik\u00e4 voi auttaa nopeammin imeytym\u00e4\u00e4n perinteisiin tabletteihin verrattuna. On ratkaisevan t\u00e4rke\u00e4\u00e4 noudattaa suositeltua annostusta, jonka tyypillisesti m\u00e4\u00e4r\u00e4\u00e4 terveydenhuollon tarjoaja. Suositeltua suuremman m\u00e4\u00e4r\u00e4n ottaminen voi johtaa haitallisiin sivuvaikutuksiin parantamatta l\u00e4\u00e4kkeen tehoa.<\/p>\n<h2>Ravitsemusn\u00e4k\u00f6kohdat Viagra Soft Tabs -tabletteja otettaessa<\/h2>\n<p>Ruokavaliolla on merkitt\u00e4v\u00e4 rooli Viagra Soft Tabsin tehokkuudessa. Tasapainoisen ruokavalion nauttiminen, joka sis\u00e4lt\u00e4\u00e4 runsaasti hedelmi\u00e4, vihanneksia, t\u00e4ysjyv\u00e4tuotteita ja v\u00e4h\u00e4rasvaisia \u200b\u200bproteiineja, voi tukea yleist\u00e4 terveytt\u00e4 ja mahdollisesti parantaa l\u00e4\u00e4kkeen tehoa. My\u00f6s liiallisen alkoholin v\u00e4ltt\u00e4minen on t\u00e4rke\u00e4\u00e4, koska se voi heikent\u00e4\u00e4 kehon kyky\u00e4 saavuttaa erektio jopa erektioh\u00e4iri\u00f6l\u00e4\u00e4kkeiden avulla.<\/p>\n<p>On suositeltavaa v\u00e4ltt\u00e4\u00e4 greipin tai greippimehun nauttimista Viagra Soft Tabs -tabletteja k\u00e4ytett\u00e4ess\u00e4. Greipin yhdisteet voivat h\u00e4irit\u00e4 l\u00e4\u00e4kett\u00e4 metaboloivien entsyymien toimintaa, mik\u00e4 johtaa verenkierron lis\u00e4\u00e4ntymiseen ja mahdollisesti lis\u00e4\u00e4 sivuvaikutusten riski\u00e4.<\/p>\n<h2>Terveysolosuhteet, jotka vaikuttavat Viagra Soft Tabs -tablettien tehokkuuteen<\/h2>\n<p>Erilaiset terveysolosuhteet voivat vaikuttaa Viagra Soft Tabs -tablettien tehokkuuteen. Syd\u00e4n- ja verisuonisairaudet, kuten ateroskleroosi, voivat rajoittaa verenkiertoa, mik\u00e4 on ratkaisevan t\u00e4rke\u00e4\u00e4 l\u00e4\u00e4kkeen toimivuuden kannalta. Samoin diabeteksen kaltaiset sairaudet voivat vahingoittaa verisuonia ja hermoja, mik\u00e4 edelleen heikent\u00e4\u00e4 erektiotoimintaa Viagra Soft Tabs -tablettien k\u00e4yt\u00f6st\u00e4 huolimatta.<\/p>\n<p>Lis\u00e4ksi hormonaaliset ep\u00e4tasapainot, erityisesti alhainen testosteronitaso, voivat vaikuttaa seksuaaliseen suorituskykyyn ja erektioh\u00e4iri\u00f6l\u00e4\u00e4kkeiden tehokkuuteen. N\u00e4iden taustalla olevien terveysongelmien ratkaiseminen l\u00e4\u00e4ketieteellisill\u00e4 toimenpiteill\u00e4 voi usein parantaa Viagra Soft Tabsin tuloksia.<\/p>\n<h2>L\u00e4\u00e4kevuorovaikutukset Viagra Soft Tabs -tablettien kanssa<\/h2>\n<p>Viagra Soft Tabs voi olla <a href=\"https:\/\/laake-express.org\/viagra-soft-tabs-kustannus-verkossa-ilman-reseptia\">Viagra Soft Tabs Verkossa<\/a> vuorovaikutuksessa muiden l\u00e4\u00e4kkeiden kanssa, mik\u00e4 voi vaikuttaa niiden suorituskykyyn. Esimerkiksi syd\u00e4nsairauksiin k\u00e4ytett\u00e4v\u00e4t nitraatit voivat johtaa vaaralliseen verenpaineen laskuun yhdistettyn\u00e4 Viagraan. Samoin tietyt alfasalpaajat, joita k\u00e4ytet\u00e4\u00e4n eturauhasongelmiin tai korkeaan verenpaineeseen, voivat my\u00f6s aiheuttaa yhteisvaikutuksia.<\/p>\n<p>On eritt\u00e4in t\u00e4rke\u00e4\u00e4 ilmoittaa terveydenhuollon tarjoajille kaikista k\u00e4ytetyist\u00e4 l\u00e4\u00e4kkeist\u00e4 ja lis\u00e4ravinteista haitallisten yhteisvaikutusten v\u00e4ltt\u00e4miseksi. T\u00e4m\u00e4 sis\u00e4lt\u00e4\u00e4 reseptivapaat l\u00e4\u00e4kkeet ja yrttilis\u00e4t, koska ne voivat my\u00f6s edist\u00e4\u00e4 yhteisvaikutuksia, jotka v\u00e4hent\u00e4v\u00e4t Viagra Soft Tabs -tablettien tehoa.<\/p>\n<h2>Psykologiset tekij\u00e4t, jotka vaikuttavat Viagra Soft Tabsin tehokkuuteen<\/h2>\n<p>Psykologiset tekij\u00e4t voivat vaikuttaa merkitt\u00e4v\u00e4sti Viagra Soft Tabsin tehokkuuteen. Stressi, ahdistus ja masennus voivat kaikki vaikuttaa erektioh\u00e4iri\u00f6\u00f6n. Kun mieli on huolissaan huolista tai stressist\u00e4, se voi est\u00e4\u00e4 fysiologista vastetta, jota tarvitaan, jotta l\u00e4\u00e4ke toimisi tehokkaasti.<\/p>\n<p>N\u00e4ihin psykologisiin ongelmiin puuttuminen terapian tai neuvonnan avulla voi usein parantaa seksuaalista suorituskyky\u00e4. Kognitiivinen-k\u00e4ytt\u00e4ytymisterapia, mindfulness-tekniikat ja rentoutusharjoitukset ovat joitakin l\u00e4hestymistapoja, jotka voivat auttaa lievitt\u00e4m\u00e4\u00e4n erektion saavuttamisen henkisi\u00e4 esteit\u00e4.<\/p>\n<h2>Terveydenhuollon ammattilaisen neuvonta Viagra Soft Tabs -tabletteja varten<\/h2>\n<p>Terveydenhuollon ammattilaisen kuuleminen on v\u00e4ltt\u00e4m\u00e4t\u00f6nt\u00e4, kun sinulla on ongelmia Viagra Soft Tabsin kanssa. L\u00e4\u00e4k\u00e4ri voi auttaa tunnistamaan kaikki taustalla olevat sairaudet tai muut tekij\u00e4t, jotka vaikuttavat l\u00e4\u00e4kkeen tehottomuuteen. He voivat my\u00f6s tarvittaessa muuttaa annosta tai suositella vaihtoehtoisia hoitoja.<\/p>\n<p>S\u00e4\u00e4nn\u00f6lliset kuulemiset mahdollistavat edistymisen seurannan ja helpottavat mahdollisten sivuvaikutusten tai huolenaiheiden k\u00e4sittelemist\u00e4. Terveydenhuollon tarjoaja voi my\u00f6s antaa ohjeita el\u00e4m\u00e4ntapojen muuttamisesta, joka voi parantaa hoitotuloksia.<\/p>\n<h2>Vaihtoehtoiset l\u00e4\u00e4kkeet Viagra Soft Tabsille<\/h2>\n<p>Jos Viagra Soft Tabs ei toimi odotetulla tavalla, vaihtoehtoisia l\u00e4\u00e4kkeit\u00e4 on saatavilla. Muut fosfodiesteraasityypin 5 est\u00e4j\u00e4t, kuten Cialis (tadalafiili) tai Levitra (vardenafiili), voivat olla sopivia vaihtoehtoja. N\u00e4m\u00e4 l\u00e4\u00e4kkeet toimivat samalla tavalla, mutta niill\u00e4 on erilaiset vaikutusajat ja sivuvaikutusprofiilit.<\/p>\n<p>On t\u00e4rke\u00e4\u00e4 keskustella n\u00e4ist\u00e4 vaihtoehdoista terveydenhuollon tarjoajan kanssa sen varmistamiseksi, ett\u00e4 ne ovat asianmukaisia \u200b\u200bottaen huomioon yksil\u00f6n terveydentilan ja muut l\u00e4\u00e4kkeet. Joissakin tapauksissa voidaan suositella ei-oraalisia hoitoja, kuten injektiota tai tyhji\u00f6erektiolaitteita.<\/p>\n<h2>El\u00e4m\u00e4ntyylimuutokset erektiotoiminnan parantamiseksi<\/h2>\n<p>Elintapamuutosten toteuttaminen voi parantaa merkitt\u00e4v\u00e4sti erektiokyky\u00e4 ja parantaa Viagra Soft Tabs -tablettien tehokkuutta. S\u00e4\u00e4nn\u00f6llinen fyysinen aktiivisuus, terveellinen ruokavalio ja terveen painon yll\u00e4pit\u00e4minen voivat kaikki osaltaan parantaa verenkiertoa ja parantaa erektiotoimintaa.<\/p>\n<p>Tupakoinnin lopettaminen ja alkoholin kulutuksen v\u00e4hent\u00e4minen ovat my\u00f6s kriittisi\u00e4, sill\u00e4 molempien tiedet\u00e4\u00e4n heikent\u00e4v\u00e4n verenkiertoa ja hermoston toimintaa. S\u00e4\u00e4nn\u00f6llinen liikunta ei vain paranna syd\u00e4n- ja verisuoniterveytt\u00e4, vaan my\u00f6s kohottaa mielialaa ja v\u00e4hent\u00e4\u00e4 stressi\u00e4, mik\u00e4 voi edelleen tukea seksuaaliterveytt\u00e4.<\/p>\n<h2>Kasviper\u00e4isi\u00e4 ja luonnollisia vaihtoehtoja Viagra Soft Tabsille<\/h2>\n<p>Niille, jotka etsiv\u00e4t luonnollisia vaihtoehtoja Viagra Soft Tabsille, useiden kasviper\u00e4isten lis\u00e4ravinteiden uskotaan tukevan erektiokyky\u00e4. Ginseng, L-arginiini ja Yohimbe ovat joitain suosituimmista vaihtoehdoista. On kuitenkin t\u00e4rke\u00e4\u00e4 l\u00e4hesty\u00e4 n\u00e4it\u00e4 varoen, koska niiden tehokkuus ja turvallisuus voivat vaihdella.<\/p>\n<p>On suositeltavaa neuvotella terveydenhuollon tarjoajan kanssa ennen yrttil\u00e4\u00e4kkeiden kokeilemista sen varmistamiseksi, ett\u00e4 ne eiv\u00e4t ole vuorovaikutuksessa nykyisten l\u00e4\u00e4kkeiden kanssa tai pahenna sairauksia. Vaikka jotkut henkil\u00f6t voivat saada helpotusta n\u00e4ist\u00e4 vaihtoehdoista, niiden tehokkuutta tukeva tieteellinen n\u00e4ytt\u00f6 on usein rajallista.<\/p>\n<h2>Ajoituksen ja annostuksen merkitys Viagra Soft Tabs -tableteilla<\/h2>\n<p>Viagra Soft Tabs -tablettien ajoitus ja annostus ovat ratkaisevassa asemassa niiden tehokkuudessa. L\u00e4\u00e4kkeen ottaminen oikeaan aikaan, yleens\u00e4 30-60 minuuttia ennen seksi\u00e4, voi auttaa varmistamaan parhaat tulokset. M\u00e4\u00e4r\u00e4tyn annoksen noudattaminen on yht\u00e4 t\u00e4rke\u00e4\u00e4, koska liian pieni annos voi heikent\u00e4\u00e4 tehoa, kun taas liian suuri annos voi lis\u00e4t\u00e4 sivuvaikutusten riski\u00e4.<\/p>\n<p>Jos standardiannos ei tuota tyydytt\u00e4vi\u00e4 tuloksia, terveydenhuollon tarjoaja voi muuttaa annosta. Annoksen s\u00e4\u00e4t\u00e4mist\u00e4 itse ilman ammattilaisen ohjausta ei kuitenkaan suositella, koska se voi johtaa mahdollisiin terveysriskeihin.<\/p>\n<h2>Erektioh\u00e4iri\u00f6\u00f6n liittyv\u00e4n ahdistuksen ja stressin k\u00e4sitteleminen<\/h2>\n<p>Ahdistus ja stressi ovat yleisi\u00e4 erektioh\u00e4iri\u00f6iden aiheuttajia, ja n\u00e4iden ongelmien ratkaiseminen on elint\u00e4rke\u00e4\u00e4 Viagra Soft Tabsin kaltaisten hoitojen tehokkuuden kannalta. Suoritusahdistus voi luoda huolen ja pettymyksen kierteen, mik\u00e4 pahentaa tilannetta entisest\u00e4\u00e4n.<\/p>\n<p>Stressinhallintatekniikat, kuten meditaatio, jooga ja syv\u00e4hengitysharjoitukset, voivat auttaa v\u00e4hent\u00e4m\u00e4\u00e4n ahdistustasoa. Mielenterveysalan ammattilaisen tuen hakeminen voi my\u00f6s tarjota strategioita stressin hallitsemiseksi ja yleisen henkisen hyvinvoinnin parantamiseksi, mik\u00e4 parantaa erektiotoimintaa.<\/p>\n<h2>Testosteronin roolin ymm\u00e4rt\u00e4minen erektioterveydess\u00e4<\/h2>\n<p>Testosteronilla on elint\u00e4rke\u00e4 rooli miesten seksuaaliterveydess\u00e4, sill\u00e4 se vaikuttaa libidoon ja erektiotoimintaan. Alhaiset testosteronitasot voivat edist\u00e4\u00e4 erektioh\u00e4iri\u00f6it\u00e4 ja heikent\u00e4\u00e4 Viagra Soft Tabsin tehoa. Alhaisen testosteronin oireita ovat v\u00e4symys, heikentynyt libido ja mielialan muutokset.<\/p>\n<p>Verikokeilla voidaan m\u00e4\u00e4ritt\u00e4\u00e4 testosteronitasot, ja jos ne ovat alhaiset, testosteronin korvaushoitoa voidaan harkita. T\u00e4m\u00e4 hoito l\u00e4\u00e4k\u00e4rin valvonnassa voi auttaa palauttamaan testosteronitasoja ja parantamaan erektiotoimintaa.<\/p>\n<h2>Erektioh\u00e4iri\u00f6iden l\u00e4\u00e4kkeit\u00e4 sis\u00e4lt\u00e4m\u00e4tt\u00f6mien hoitojen tutkiminen<\/h2>\n<p>L\u00e4\u00e4kityksen lis\u00e4ksi useat ei-l\u00e4\u00e4kehoidot voivat auttaa hallitsemaan erektioh\u00e4iri\u00f6it\u00e4. Tyhji\u00f6erektiolaitteet aikaansaavat mekaanisesti erektion lis\u00e4\u00e4m\u00e4ll\u00e4 veren virtausta penikseen. N\u00e4m\u00e4 laitteet voivat olla tehokkaita oikein k\u00e4ytettyn\u00e4, erityisesti yhdess\u00e4 l\u00e4\u00e4kkeiden kanssa.<\/p>\n<p>Peniksen implantit ovat toinen vaihtoehto niille, jotka eiv\u00e4t reagoi l\u00e4\u00e4kitykseen. T\u00e4m\u00e4 kirurginen toimenpide sis\u00e4lt\u00e4\u00e4 laitteen asettamisen, jonka avulla henkil\u00f6 voi hallita erektion ajoitusta ja kestoa. Neuvonta ja seksiterapia voivat my\u00f6s tarjota arvokasta tukea sek\u00e4 yksil\u00f6lle ett\u00e4 h\u00e4nen kumppanilleen, jotka k\u00e4sittelev\u00e4t parisuhteen dynamiikkaa ja lis\u00e4\u00e4v\u00e4t l\u00e4heisyytt\u00e4.<\/p>\n","protected":false},"excerpt":{"rendered":"<p>Viagra Soft Tabs ei toimi? Vianetsint\u00e4 ja vaihtoehdot Ymm\u00e4rt\u00e4minen, miksi Viagra Soft Tabs ei ehk\u00e4 toimi, ja vaihtoehtojen tutkiminen voi auttaa hallitsemaan erektioh\u00e4iri\u00f6it\u00e4 tehokkaasti. Yleisi\u00e4 syit\u00e4, miksi Viagra Soft Tabs ei ehk\u00e4 toimi Viagra Soft Tabs on tarkoitettu auttamaan erektioh\u00e4iri\u00f6iden hoidossa lis\u00e4\u00e4m\u00e4ll\u00e4 verenkiertoa penikseen, mutta ne eiv\u00e4t toimi kaikille. Yksi yleinen syy niiden tehottomuuteen on [&hellip;]<\/p>\n","protected":false},"author":1,"featured_media":0,"parent":0,"menu_order":0,"comment_status":"closed","ping_status":"closed","template":"","meta":[],"_links":{"self":[{"href":"http:\/\/www.scope25.com\/index.php?rest_route=\/wp\/v2\/pages\/38746"}],"collection":[{"href":"http:\/\/www.scope25.com\/index.php?rest_route=\/wp\/v2\/pages"}],"about":[{"href":"http:\/\/www.scope25.com\/index.php?rest_route=\/wp\/v2\/types\/page"}],"author":[{"embeddable":true,"href":"http:\/\/www.scope25.com\/index.php?rest_route=\/wp\/v2\/users\/1"}],"replies":[{"embeddable":true,"href":"http:\/\/www.scope25.com\/index.php?rest_route=%2Fwp%2Fv2%2Fcomments&post=38746"}],"version-history":[{"count":1,"href":"http:\/\/www.scope25.com\/index.php?rest_route=\/wp\/v2\/pages\/38746\/revisions"}],"predecessor-version":[{"id":38748,"href":"http:\/\/www.scope25.com\/index.php?rest_route=\/wp\/v2\/pages\/38746\/revisions\/38748"}],"wp:attachment":[{"href":"http:\/\/www.scope25.com\/index.php?rest_route=%2Fwp%2Fv2%2Fmedia&parent=38746"}],"curies":[{"name":"wp","href":"https:\/\/api.w.org\/{rel}","templated":true}]}}