{"id":38738,"date":"2026-03-24T23:52:27","date_gmt":"2026-03-24T23:52:27","guid":{"rendered":"https:\/\/www.scope25.com\/?page_id=38738"},"modified":"2026-03-24T23:52:27","modified_gmt":"2026-03-24T23:52:27","slug":"kamagra-oral-jelly-koostumuksen-ymmartaminen","status":"publish","type":"page","link":"http:\/\/www.scope25.com\/?page_id=38738","title":{"rendered":"Kamagra Oral Jelly -koostumuksen ymm\u00e4rt\u00e4minen"},"content":{"rendered":"<h1>Kamagra Oral Jelly: ohjeet, arvostelut ja l\u00e4\u00e4k\u00e4rin vinkit<\/h1>\n<p>Kamagra Oral Jelly on suosittu erektioh\u00e4iri\u00f6iden hoitomuoto, joka tarjoaa k\u00e4tev\u00e4n vaihtoehdon perinteisille pillereille ainutlaatuisella hyytel\u00f6koostumuksella.<\/p>\n<h2>Kamagra Oral Jelly -koostumuksen ymm\u00e4rt\u00e4minen<\/h2>\n<p>Kamagra Oral Jelly sis\u00e4lt\u00e4\u00e4 aktiivisena aineena sildenafiilisitraattia, yhdistett\u00e4, joka kuuluu fosfodiesteraasi tyyppi 5:n (PDE5) est\u00e4jiin. T\u00e4m\u00e4 l\u00e4\u00e4keluokka on tunnettu tehokkuudestaan \u200b\u200berektioh\u00e4iri\u00f6iden (ED) hoidossa parantamalla verenkiertoa penikseen. Sildenafiilin lis\u00e4ksi hyytel\u00f6 sis\u00e4lt\u00e4\u00e4 useita inaktiivisia ainesosia, jotka on suunniteltu parantamaan makua ja rakennetta, mik\u00e4 tekee siit\u00e4 maistuvamman kuin perinteiset tabletit.<\/p>\n<p>Hyytel\u00f6\u00e4 on saatavilla useissa eri makuissa, kuten mansikka, banaani ja vanilja, mik\u00e4 parantaa k\u00e4ytt\u00f6kokemusta. N\u00e4m\u00e4 maut eiv\u00e4t vaikuta l\u00e4\u00e4kkeen tehoon, mutta niiden tarkoituksena on tehd\u00e4 nielemisest\u00e4 miellytt\u00e4v\u00e4mpi. Koostumuksen ymm\u00e4rt\u00e4minen on ratkaisevan t\u00e4rke\u00e4\u00e4, koska sen avulla k\u00e4ytt\u00e4j\u00e4t voivat olla tietoisia mahdollisista allergeeneista tai herkkyydest\u00e4 tietyille ainesosille.<\/p>\n<h2>Kuinka Kamagra Oral Jelly toimii kehossa<\/h2>\n<p>Kamagra Oral Jelly toimii est\u00e4m\u00e4ll\u00e4 PDE5-entsyymi\u00e4, joka on vastuussa verenkierron s\u00e4\u00e4telyst\u00e4 peniksess\u00e4. Normaalisti seksuaalinen stimulaatio johtaa typpioksidin vapautumiseen, mik\u00e4 lis\u00e4\u00e4 syklisen guanosiinimonofosfaatin (cGMP) tasoa. T\u00e4m\u00e4 kemikaali rentouttaa sile\u00e4t lihakset ja laajentaa peniksen verisuonia, mik\u00e4 helpottaa erektioon tarvittavaa lis\u00e4\u00e4ntynytt\u00e4 verenkiertoa.<\/p>\n<p>Est\u00e4m\u00e4ll\u00e4 PDE5:n, Kamagra Oral Jelly varmistaa, ett\u00e4 cGMP-tasot pysyv\u00e4t koholla, mik\u00e4 pident\u00e4\u00e4 erektiovastetta. On t\u00e4rke\u00e4\u00e4 huomata, ett\u00e4 hyytel\u00f6 vaatii seksuaalista stimulaatiota ollakseen tehokas; se ei aiheuta erektiota ilman kiihottumista. Tyypillisesti hyytel\u00f6n vaikutukset voidaan havaita 20\u201345 minuutin kuluessa nauttimisesta, ja ne voivat kest\u00e4\u00e4 jopa 4\u20136 tuntia.<\/p>\n<h2>Yksityiskohtaiset ohjeet Kamagra Oral Jellyn k\u00e4ytt\u00f6\u00f6n<\/h2>\n<p>Kamagra Oral Jelly on suunniteltu suun kautta nautittavaksi ja se tulee ottaa noin 30 minuuttia ennen suunniteltua seksi\u00e4. Hyytel\u00f6 puristetaan pussista ja nautitaan suoraan. Toisin kuin pillerit, se ei vaadi vett\u00e4, joten se on huomaamaton vaihtoehto niille, joille tablettien nieleminen saattaa olla haastavaa.<\/p>\n<p>On t\u00e4rke\u00e4\u00e4 noudattaa terveydenhuollon ammattilaisen antamia ohjeita. V\u00e4lt\u00e4 suuria tai rasvaisia \u200b\u200baterioita ennen hyytel\u00f6n k\u00e4ytt\u00f6\u00e4, koska ne voivat hidastaa sen imeytymist\u00e4 ja tehoa. Hyytel\u00f6\u00e4 ei tule k\u00e4ytt\u00e4\u00e4 useammin kuin kerran p\u00e4iv\u00e4ss\u00e4, eiv\u00e4tk\u00e4 k\u00e4ytt\u00e4j\u00e4t saa ylitt\u00e4\u00e4 suositeltua annosta, ellei l\u00e4\u00e4k\u00e4ri ole nimenomaisesti neuvonut.<\/p>\n<h2>Suositeltu annostus- ja anto-ohjeet<\/h2>\n<p>Kamagra Oral Jellyn vakioannos on 50 mg, mutta sit\u00e4 voidaan s\u00e4\u00e4t\u00e4\u00e4 yksil\u00f6llisen vasteen ja toleranssin mukaan. Jotkut k\u00e4ytt\u00e4j\u00e4t saattavat huomata, ett\u00e4 pienempi 25 mg:n annos riitt\u00e4\u00e4, kun taas toiset saattavat tarvita jopa 100 mg:n. On t\u00e4rke\u00e4\u00e4, ett\u00e4 kaikki annoksen muuttaminen tehd\u00e4\u00e4n l\u00e4\u00e4k\u00e4rin valvonnassa haittavaikutusten v\u00e4ltt\u00e4miseksi.<\/p>\n<p>Annostelun tulee olla m\u00e4\u00e4r\u00e4tyn hoito-ohjelman mukaista, ja on ratkaisevan t\u00e4rke\u00e4\u00e4 olla s\u00e4\u00e4t\u00e4m\u00e4tt\u00e4 annosta itse. Liiallinen k\u00e4ytt\u00f6 voi aiheuttaa komplikaatioita, mukaan lukien vakavia sivuvaikutuksia. Potilaiden tulee aina neuvotella terveydenhuollon tarjoajansa kanssa ennen kuin teet mit\u00e4\u00e4n muutoksia Kamagra Oral Jelly -k\u00e4ytt\u00f6tapaan.<\/p>\n<h2>Kamagra Oral Jellyn mahdolliset sivuvaikutukset<\/h2>\n<p>Vaikka Kamagra Oral Jelly on yleens\u00e4 hyvin siedetty, se voi aiheuttaa sivuvaikutuksia joillekin henkil\u00f6ille. Yleisi\u00e4 reaktioita ovat p\u00e4\u00e4ns\u00e4rky, punoitus, ruoansulatush\u00e4iri\u00f6t, nen\u00e4n tukkoisuus ja huimaus. N\u00e4m\u00e4 ovat yleens\u00e4 lievi\u00e4 ja v\u00e4liaikaisia, ja ne selvi\u00e4v\u00e4t itsest\u00e4\u00e4n ilman l\u00e4\u00e4ketieteellist\u00e4 v\u00e4liintuloa.<\/p>\n<p>Harvinaisissa tapauksissa voi esiinty\u00e4 vakavampia <a href=\"https:\/\/terveys-apteekki.com\/kamagra-oraaligeeli-ilman-reseptia\">Tilaus Kamagra Oraaligeeli<\/a> sivuvaikutuksia, kuten n\u00e4k\u00f6h\u00e4iri\u00f6it\u00e4, kuulon heikkenemist\u00e4 tai yli nelj\u00e4 tuntia kest\u00e4v\u00e4 erektio, joka tunnetaan nimell\u00e4 priapismi. N\u00e4m\u00e4 olosuhteet vaativat v\u00e4lit\u00f6nt\u00e4 l\u00e4\u00e4k\u00e4rinhoitoa pitk\u00e4aikaisten vaurioiden est\u00e4miseksi. On t\u00e4rke\u00e4\u00e4, ett\u00e4 k\u00e4ytt\u00e4j\u00e4t ovat tietoisia n\u00e4ist\u00e4 mahdollisista riskeist\u00e4 ja hakevat l\u00e4\u00e4k\u00e4rin apua, jos he kokevat ep\u00e4tavallisia oireita.<\/p>\n<h2>Kamagra Oral Jellyn vertaaminen muihin ED-hoitoihin<\/h2>\n<p>Kamagra Oral Jelly tarjoaa selke\u00e4n edun mukavuuden ja alkamisnopeuden suhteen verrattuna perinteisiin ED-pillereihin, kuten Viagra. Hyytel\u00f6koostumus imeytyy nopeammin, joten se on suositeltava valinta niille, jotka etsiv\u00e4t nopeita tuloksia. Lis\u00e4ksi makuvalikoima tekee siit\u00e4 houkuttelevamman monille k\u00e4ytt\u00e4jille.<\/p>\n<p>Se ei kuitenkaan ole ainoa k\u00e4ytett\u00e4viss\u00e4 oleva vaihtoehto. Muut hoidot, kuten Cialis (tadalafiili) ja Levitra (vardenafiili), tarjoavat erilaisen vaikutuksen keston ja sivuvaikutusprofiilit. Esimerkiksi Cialis on tunnettu pitk\u00e4aikaisista vaikutuksistaan, jotka kest\u00e4v\u00e4t jopa 36 tuntia. Valinta n\u00e4iden hoitojen v\u00e4lill\u00e4 riippuu usein yksil\u00f6llisist\u00e4 mieltymyksist\u00e4, el\u00e4m\u00e4ntapan\u00e4k\u00f6kohdista ja erityisist\u00e4 l\u00e4\u00e4ketieteellisist\u00e4 neuvoista.<\/p>\n<h2>K\u00e4ytt\u00e4jien arviot ja kokemukset Kamagra Oral Jellyst\u00e4<\/h2>\n<p>K\u00e4ytt\u00e4jien arviot Kamagra Oral Jellyst\u00e4 ovat erilaisia, ja monet ylist\u00e4v\u00e4t sen tehokkuutta ja helppok\u00e4ytt\u00f6isyytt\u00e4. K\u00e4ytt\u00e4j\u00e4t pit\u00e4v\u00e4t usein merkitt\u00e4vin\u00e4 etuina nopean vaikutuksen alkamisen ja pussimuodon mukavuuden. Maukkaita makuja korostetaan my\u00f6s usein positiivisena ominaisuutena, mik\u00e4 tekee l\u00e4\u00e4kkeest\u00e4 nautinnollisempaa.<\/p>\n<p>Jotkut k\u00e4ytt\u00e4j\u00e4t ovat kuitenkin raportoineet sivuvaikutuksista, vaikka ne ovat tyypillisesti lievi\u00e4 ja ohimenevi\u00e4. Kuten mink\u00e4 tahansa l\u00e4\u00e4kkeen kohdalla, kokemukset voivat vaihdella suuresti, ja mik\u00e4 toimii hyvin yhdelle, ei v\u00e4ltt\u00e4m\u00e4tt\u00e4 sovi toiselle. K\u00e4ytt\u00e4jien arvosteluihin osallistuminen voi antaa oivalluksia, mutta henkil\u00f6kohtaisten l\u00e4\u00e4ketieteellisten neuvojen tulee aina olla etusijalla.<\/p>\n<h2>L\u00e4\u00e4k\u00e4rin vinkkej\u00e4 Kamagra Oral Jellyn turvalliseen k\u00e4ytt\u00f6\u00f6n<\/h2>\n<p>L\u00e4\u00e4ketieteen ammattilaiset neuvovat, ett\u00e4 Kamagra Oral Jelly\u00e4 tulee k\u00e4ytt\u00e4\u00e4 tiukasti m\u00e4\u00e4r\u00e4ttyjen ohjeiden mukaisesti hy\u00f6tyjen maksimoimiseksi ja riskien minimoimiseksi. L\u00e4\u00e4k\u00e4rit suosittelevat aloittamista pienimm\u00e4ll\u00e4 tehokkaalla annoksella ja seurantaa mahdollisten haittavaikutusten varalta, s\u00e4\u00e4t\u00e4m\u00e4ll\u00e4 asteittain tarpeen mukaan.<\/p>\n<p>Potilaita rohkaistaan \u200b\u200bkeskustelemaan koko sairaushistoriastaan \u200b\u200bterveydenhuollon tarjoajan kanssa, mukaan lukien kaikki muut l\u00e4\u00e4kkeet, joita he k\u00e4ytt\u00e4v\u00e4t mahdollisten yhteisvaikutusten est\u00e4miseksi. On my\u00f6s suositeltavaa v\u00e4ltt\u00e4\u00e4 alkoholia ja greippimehua Kamagraa k\u00e4ytett\u00e4ess\u00e4, koska ne voivat h\u00e4irit\u00e4 l\u00e4\u00e4kkeen tehoa ja lis\u00e4t\u00e4 sivuvaikutusten todenn\u00e4k\u00f6isyytt\u00e4.<\/p>\n<h2>Kamagra Oral Jellyn ja muiden l\u00e4\u00e4kkeiden v\u00e4liset vuorovaikutukset<\/h2>\n<p>Kamagra Oral Jelly voi olla vuorovaikutuksessa eri l\u00e4\u00e4kkeiden kanssa, mik\u00e4 saattaa muuttaa sen tehokkuutta tai lis\u00e4t\u00e4 haittavaikutusten riski\u00e4. Erityisesti sit\u00e4 ei tule k\u00e4ytt\u00e4\u00e4 yhdess\u00e4 nitraattien kanssa, joita yleisesti m\u00e4\u00e4r\u00e4t\u00e4\u00e4n rintakipuihin, koska t\u00e4m\u00e4 yhdistelm\u00e4 voi johtaa vaaralliseen verenpaineen laskuun.<\/p>\n<p>Muita l\u00e4\u00e4kkeit\u00e4, jotka voivat olla vuorovaikutuksessa Kamagran kanssa, ovat tietyt sienil\u00e4\u00e4kkeet, antibiootit ja HIV-proteaasin est\u00e4j\u00e4t. On eritt\u00e4in t\u00e4rke\u00e4\u00e4, ett\u00e4 k\u00e4ytt\u00e4j\u00e4t paljastavat terveydenhuollon tarjoajalleen kaikki l\u00e4\u00e4kkeet, mukaan lukien k\u00e4sikauppal\u00e4\u00e4kkeet ja lis\u00e4ravinteet, jotta v\u00e4ltet\u00e4\u00e4n haitalliset yhteisvaikutukset.<\/p>\n<h2>Varotoimet ja vasta-aiheet Kamagra Oral Jellylle<\/h2>\n<p>Henkil\u00f6iden, joilla on tiettyj\u00e4 terveysongelmia, tulee noudattaa varovaisuutta tai v\u00e4ltt\u00e4\u00e4 Kamagra Oral Jellyn k\u00e4ytt\u00f6\u00e4 kokonaan. N\u00e4it\u00e4 ovat henkil\u00f6t, joilla on vakavia syd\u00e4n- tai maksaongelmia, \u00e4skett\u00e4in aivohalvaus tai syd\u00e4nkohtaus, tai ne, joilla on perinn\u00f6llisi\u00e4 silm\u00e4sairauksia, kuten retinitis pigmentosa.<\/p>\n<p>Lis\u00e4ksi Kamagra Oral Jelly ei ole tarkoitettu naisten tai lasten k\u00e4ytt\u00f6\u00f6n. Potilaiden, joiden tiedet\u00e4\u00e4n olevan allerginen sildenafiilille tai jollekin muulle hyytel\u00f6n aineosalle, ei tule k\u00e4ytt\u00e4\u00e4 sit\u00e4. On eritt\u00e4in t\u00e4rke\u00e4\u00e4 keskustella olemassa olevista terveysongelmista terveydenhuollon tarjoajan kanssa t\u00e4m\u00e4n hoidon sopivuuden m\u00e4\u00e4ritt\u00e4miseksi.<\/p>\n<h2>Kuinka s\u00e4ilytt\u00e4\u00e4 Kamagra Oral Jelly turvallisesti<\/h2>\n<p>Kamagra Oral Jellyn asianmukainen s\u00e4ilytys on t\u00e4rke\u00e4\u00e4 sen tehokkuuden s\u00e4ilytt\u00e4miseksi. Pussit tulee s\u00e4ilytt\u00e4\u00e4 viile\u00e4ss\u00e4, kuivassa paikassa poissa suorasta auringonvalosta ja kuumuudesta. Niiden tulee olla alkuper\u00e4isess\u00e4 pakkauksessaan k\u00e4ytt\u00f6\u00f6n asti niiden suojaamiseksi kosteudelta.<\/p>\n<p>On my\u00f6s t\u00e4rke\u00e4\u00e4 pit\u00e4\u00e4 l\u00e4\u00e4ke lasten ja lemmikkien ulottumattomissa. Vanhentunut tai k\u00e4ytt\u00e4m\u00e4t\u00f6n hyytel\u00f6 on h\u00e4vitett\u00e4v\u00e4 asianmukaisesti paikallisten l\u00e4\u00e4kkeiden h\u00e4vitt\u00e4mism\u00e4\u00e4r\u00e4ysten mukaisesti, jotta estet\u00e4\u00e4n vahingossa tapahtuva nieleminen.<\/p>\n<h2>Kamagra Oral Jellyn oikeudellinen ja lains\u00e4\u00e4d\u00e4nn\u00f6llinen asema<\/h2>\n<p>Kamagra Oral Jelly ei ole Yhdistyneen kuningaskunnan l\u00e4\u00e4ke- ja terveysalan tuotteiden s\u00e4\u00e4ntelyviraston (MHRA) tai Yhdysvaltain elintarvike- ja l\u00e4\u00e4keviraston (FDA) hyv\u00e4ksym\u00e4. Sen valmistaa Ajanta Pharma Intiassa ja se on saatavana monissa maissa ilman resepti\u00e4, vaikka t\u00e4m\u00e4 vaihtelee laink\u00e4ytt\u00f6alueen mukaan.<\/p>\n<p>Viranomaisten hyv\u00e4ksynn\u00e4n puuttuminen joillakin alueilla tarkoittaa, ett\u00e4 paikallisviranomaiset eiv\u00e4t voi taata sen laatua ja turvallisuutta. Kuluttajien tulee olla varovaisia \u200b\u200bja harkita terveydenhuollon tarjoajan puoleen k\u00e4\u00e4ntymist\u00e4 ennen Kamagra Oral Jellyn ostamista tai k\u00e4ytt\u00f6\u00e4.<\/p>\n<h2>Usein kysyttyj\u00e4 kysymyksi\u00e4 Kamagra Oral Jellysta<\/h2>\n<p>Yleisiin kysymyksiin Kamagra Oral Jellyst\u00e4 liittyy usein huoli sen tehokkuudesta reseptil\u00e4\u00e4kkeisiin verrattuna, sen turvallisuusprofiilista ja siit\u00e4, miten sit\u00e4 pit\u00e4isi k\u00e4ytt\u00e4\u00e4. Monet k\u00e4ytt\u00e4j\u00e4t ovat kiinnostuneita siit\u00e4, kuinka nopeasti se toimii ja sopiiko se pitk\u00e4aikaiseen k\u00e4ytt\u00f6\u00f6n.<\/p>\n<p>Vaikka Kamagra Oral Jelly voi olla tehokas ratkaisu ED-hoitoon, on ratkaisevan t\u00e4rke\u00e4\u00e4 suhtautua sen k\u00e4ytt\u00f6\u00f6n yht\u00e4 varoen kuin mink\u00e4 tahansa muun l\u00e4\u00e4kkeen. Terveydenhuollon ammattilaisen konsultointi henkil\u00f6kohtaisten neuvojen saamiseksi on edelleen paras tapa toimia.<\/p>\n<h2>Mist\u00e4 ostaa Kamagra Oral Jelly\u00e4 turvallisesti<\/h2>\n<p>Kamagra Oral Jelly\u00e4 voi ostaa verkosta useilta myyjilt\u00e4, \u200b\u200bmutta on t\u00e4rke\u00e4\u00e4 varmistaa, ett\u00e4 n\u00e4m\u00e4 l\u00e4hteet ovat hyv\u00e4maineisia, jotta v\u00e4ltet\u00e4\u00e4n v\u00e4\u00e4rennetyt tuotteet. V\u00e4\u00e4rennetyt l\u00e4\u00e4kkeet voivat olla parhaimmillaan tehottomia ja pahimmillaan vaarallisia, koska ne sis\u00e4lt\u00e4v\u00e4t v\u00e4\u00e4ri\u00e4 ainesosia tai annostuksia.<\/p>\n<p>Turvallisuuden takaamiseksi on suositeltavaa etsi\u00e4 verkkoapteekkeja, jotka on rekister\u00f6ity asiaankuuluviin s\u00e4\u00e4ntelyelimiin ja joilla on todennettavissa olevat tunnukset. Arvostelujen tarkistaminen ja suositusten pyyt\u00e4minen terveydenhuollon tarjoajilta voi my\u00f6s auttaa tunnistamaan luotettavia l\u00e4hteit\u00e4.<\/p>\n<h2>Tulevaisuuden kehitys ja innovaatiot ED-hoidoissa<\/h2>\n<p>Erektioh\u00e4iri\u00f6iden hoitojen ala kehittyy jatkuvasti, ja k\u00e4ynniss\u00e4 on tutkimusta, jonka tavoitteena on kehitt\u00e4\u00e4 tehokkaampia ja k\u00e4tev\u00e4mpi\u00e4 vaihtoehtoja. Innovaatiot, kuten liukenevat kalvot, nen\u00e4sumutteet ja uudemmat yhdisteet, ovat tutkimus- ja kehitysty\u00f6n eri vaiheissa.<\/p>\n<p>Geeniterapiaa ja kantasolututkimusta tutkitaan my\u00f6s mahdollisina ED-hoidon keinoina, jotka tarjoavat toivoa pysyv\u00e4mmist\u00e4 ratkaisuista. Kun ymm\u00e4rrys erektioh\u00e4iri\u00f6ist\u00e4 syvenee, tulevat hoidot voivat tarjota parempia tuloksia ja v\u00e4hemm\u00e4n sivuvaikutuksia, mik\u00e4 laajentaa apua hakevien vaihtoehtoja.<\/p>\n","protected":false},"excerpt":{"rendered":"<p>Kamagra Oral Jelly: ohjeet, arvostelut ja l\u00e4\u00e4k\u00e4rin vinkit Kamagra Oral Jelly on suosittu erektioh\u00e4iri\u00f6iden hoitomuoto, joka tarjoaa k\u00e4tev\u00e4n vaihtoehdon perinteisille pillereille ainutlaatuisella hyytel\u00f6koostumuksella. Kamagra Oral Jelly -koostumuksen ymm\u00e4rt\u00e4minen Kamagra Oral Jelly sis\u00e4lt\u00e4\u00e4 aktiivisena aineena sildenafiilisitraattia, yhdistett\u00e4, joka kuuluu fosfodiesteraasi tyyppi 5:n (PDE5) est\u00e4jiin. T\u00e4m\u00e4 l\u00e4\u00e4keluokka on tunnettu tehokkuudestaan \u200b\u200berektioh\u00e4iri\u00f6iden (ED) hoidossa parantamalla verenkiertoa penikseen. Sildenafiilin [&hellip;]<\/p>\n","protected":false},"author":1,"featured_media":0,"parent":0,"menu_order":0,"comment_status":"closed","ping_status":"closed","template":"","meta":[],"_links":{"self":[{"href":"http:\/\/www.scope25.com\/index.php?rest_route=\/wp\/v2\/pages\/38738"}],"collection":[{"href":"http:\/\/www.scope25.com\/index.php?rest_route=\/wp\/v2\/pages"}],"about":[{"href":"http:\/\/www.scope25.com\/index.php?rest_route=\/wp\/v2\/types\/page"}],"author":[{"embeddable":true,"href":"http:\/\/www.scope25.com\/index.php?rest_route=\/wp\/v2\/users\/1"}],"replies":[{"embeddable":true,"href":"http:\/\/www.scope25.com\/index.php?rest_route=%2Fwp%2Fv2%2Fcomments&post=38738"}],"version-history":[{"count":1,"href":"http:\/\/www.scope25.com\/index.php?rest_route=\/wp\/v2\/pages\/38738\/revisions"}],"predecessor-version":[{"id":38740,"href":"http:\/\/www.scope25.com\/index.php?rest_route=\/wp\/v2\/pages\/38738\/revisions\/38740"}],"wp:attachment":[{"href":"http:\/\/www.scope25.com\/index.php?rest_route=%2Fwp%2Fv2%2Fmedia&parent=38738"}],"curies":[{"name":"wp","href":"https:\/\/api.w.org\/{rel}","templated":true}]}}