{"id":38696,"date":"2026-03-24T23:17:31","date_gmt":"2026-03-24T23:17:31","guid":{"rendered":"https:\/\/www.scope25.com\/?page_id=38696"},"modified":"2026-03-24T23:17:31","modified_gmt":"2026-03-24T23:17:31","slug":"a-fildena-super-active-megertese-osszetetel-es-felhasznalas","status":"publish","type":"page","link":"http:\/\/www.scope25.com\/?page_id=38696","title":{"rendered":"A Fildena Super Active meg\u00e9rt\u00e9se: \u00d6sszet\u00e9tel \u00e9s felhaszn\u00e1l\u00e1s"},"content":{"rendered":"<h1>Fildena Super Active \u00e9s alacsony tesztoszteron: tudod haszn\u00e1lni?<\/h1>\n<p>A Fildena Super Active lehet\u0151s\u00e9geinek felt\u00e1r\u00e1sa az erekci\u00f3s diszfunkci\u00f3val \u00e9s az alacsony tesztoszteronszinttel kapcsolatos probl\u00e9m\u00e1k kezel\u00e9s\u00e9ben.<\/p>\n<h2>A Fildena Super Active meg\u00e9rt\u00e9se: \u00d6sszet\u00e9tel \u00e9s felhaszn\u00e1l\u00e1s<\/h2>\n<p>A Fildena Super Active egy gy\u00f3gyszer\u00e9szeti term\u00e9k, amelyet els\u0151sorban f\u00e9rfiak mereved\u00e9si zavar\u00e1nak (ED) kezel\u00e9s\u00e9re haszn\u00e1lnak. Hat\u00f3anyaga, a szildenafil-citr\u00e1t egy j\u00f3l ismert vegy\u00fclet, amely a Viagr\u00e1ban, egy n\u00e9pszer\u0171 ED-gy\u00f3gyszerben is megtal\u00e1lhat\u00f3. A Fildena Super Active \u00f6sszet\u00e9tel\u00e9t \u00fagy tervezt\u00e9k, hogy fokozza biol\u00f3giai hozz\u00e1f\u00e9rhet\u0151s\u00e9g\u00e9t, lehet\u0151v\u00e9 t\u00e9ve a gyorsabb felsz\u00edv\u00f3d\u00e1st \u00e9s a hat\u00e1s kezdet\u00e9t, ami k\u00fcl\u00f6n\u00f6sen el\u0151ny\u00f6s spont\u00e1n helyzetekben.<\/p>\n<p>A gy\u00f3gyszer l\u00e1gy g\u00e9l kapszula form\u00e1j\u00e1ban kaphat\u00f3, amely a hagyom\u00e1nyos tablett\u00e1khoz k\u00e9pest gyorsabb felold\u00f3d\u00e1st \u00e9s felsz\u00edv\u00f3d\u00e1st tesz lehet\u0151v\u00e9 a v\u00e9r\u00e1ramba. Ez a tulajdons\u00e1g vonz\u00f3 v\u00e1laszt\u00e1ss\u00e1 teszi azok sz\u00e1m\u00e1ra, akiknek neh\u00e9zs\u00e9gei lehetnek a tablett\u00e1k lenyel\u00e9s\u00e9ben. M\u00edg els\u0151dleges felhaszn\u00e1l\u00e1sa az erekci\u00f3s funkci\u00f3 jav\u00edt\u00e1sa, a folyamatban l\u00e9v\u0151 kutat\u00e1sok felt\u00e1rj\u00e1k m\u00e1s betegs\u00e9gek, p\u00e9ld\u00e1ul a pulmon\u00e1lis art\u00e9ri\u00e1s hipert\u00f3nia kezel\u00e9s\u00e9ben rejl\u0151 lehet\u0151s\u00e9geket.<\/p>\n<h2>Az erekci\u00f3s zavar \u00e9s az alacsony tesztoszteron k\u00f6z\u00f6tti kapcsolat<\/h2>\n<p>Az erekci\u00f3s zavar \u00e9s az alacsony tesztoszteron, m\u00e1s n\u00e9ven hipogonadizmus, gyakran egy\u00fctt l\u00e9teznek, \u00e9s a f\u00e9rfipopul\u00e1ci\u00f3 jelent\u0151s r\u00e9sz\u00e9t \u00e9rintik, k\u00fcl\u00f6n\u00f6sen az \u00e9letkor el\u0151rehaladt\u00e1val. A tesztoszteron kulcsfontoss\u00e1g\u00fa hormon, amely felel\u0151s a libid\u00f3 fenntart\u00e1s\u00e1\u00e9rt, a spermatermel\u00e9s\u00e9rt \u00e9s az \u00e1ltal\u00e1nos f\u00e9rfi vitalit\u00e1s\u00e9rt. A tesztoszteronszint cs\u00f6kken\u00e9s\u00e9vel sok f\u00e9rfi tapasztalja a szexu\u00e1lis v\u00e1gy cs\u00f6kken\u00e9s\u00e9t, ami hozz\u00e1j\u00e1rulhat az ED kialakul\u00e1s\u00e1hoz.<\/p>\n<p>B\u00e1r az alacsony tesztoszteron nem az egyed\u00fcli oka az ED-nek, jelent\u0151sen befoly\u00e1solhatja az erekci\u00f3s funkci\u00f3t. Ez a kapcsolat al\u00e1h\u00fazza a tesztoszteronszint \u00e9rt\u00e9kel\u00e9s\u00e9nek fontoss\u00e1g\u00e1t azokn\u00e1l a f\u00e9rfiakn\u00e1l, akikn\u00e9l ED-t\u00fcnetek jelentkeznek. Az alacsony tesztoszteronszint kezel\u00e9se n\u00e9ha jav\u00edthatja a szexu\u00e1lis funkci\u00f3t, de ez nem univerz\u00e1lis megold\u00e1s, ez\u00e9rt \u00e1tfog\u00f3 kezel\u00e9si megk\u00f6zel\u00edt\u00e9sre van sz\u00fcks\u00e9g.<\/p>\n<h2>Hogyan m\u0171k\u00f6dik a Fildena Super Active a szervezetben<\/h2>\n<p>A Fildena Super Active a t\u00f6bbi szildenafil alap\u00fa gy\u00f3gyszerhez hasonl\u00f3an az 5-\u00f6s t\u00edpus\u00fa foszfodi\u00e9szter\u00e1z (PDE5) nev\u0171 enzim g\u00e1tl\u00e1s\u00e1val fejti ki hat\u00e1s\u00e1t. A PDE5 felel\u0151s a p\u00e9nisz v\u00e9r\u00e1raml\u00e1s\u00e1nak szab\u00e1lyoz\u00e1s\u00e1\u00e9rt. Ennek az enzimnek a blokkol\u00e1s\u00e1val a Fildena Super Active fokozza a nitrog\u00e9n-monoxid hat\u00e1s\u00e1t, amely term\u00e9szetes vegyi anyag, amelyet a szervezet termel a p\u00e9nisz izmainak ellaz\u00edt\u00e1s\u00e1ra. Ez a folyamat fokozza a v\u00e9r\u00e1raml\u00e1st, \u00e9s seg\u00edt el\u00e9rni \u00e9s fenntartani az erekci\u00f3t v\u00e1laszul a szexu\u00e1lis stimul\u00e1ci\u00f3ra.<\/p>\n<p>A Fildena Super Active hat\u00e9konys\u00e1ga a szexu\u00e1lis izgalom jelenl\u00e9t\u00e9t\u0151l f\u00fcgg, mivel el\u0151seg\u00edti a nitrog\u00e9n-monoxid felszabadul\u00e1s\u00e1t. A gy\u00f3gyszer \u00e1ltal\u00e1ban 30 perc \u00e9s egy \u00f3ra k\u00f6z\u00f6tt kezd hatni, hat\u00e1sa k\u00f6r\u00fclbel\u00fcl 4-6 \u00f3r\u00e1n \u00e1t tart. Fontos megjegyezni, hogy b\u00e1r a Fildena Super Active seg\u00edt az erekci\u00f3 el\u00e9r\u00e9s\u00e9ben, nem n\u00f6veli k\u00f6zvetlen\u00fcl a szexu\u00e1lis v\u00e1gyat vagy a tesztoszteronszintet.<\/p>\n<h2>A Fildena Super Active lehets\u00e9ges el\u0151nyei alacsony tesztoszteron eset\u00e9n<\/h2>\n<p>B\u00e1r a Fildena Super Active-t nem kifejezetten az alacsony tesztoszteronszint kezel\u00e9s\u00e9re tervezt\u00e9k, az ED kezel\u00e9s\u00e9ben bet\u00f6lt\u00f6tt szerepe k\u00f6zvetve el\u0151ny\u00f6s lehet a hipogonadizmusban szenved\u0151 f\u00e9rfiak sz\u00e1m\u00e1ra. Az erekci\u00f3s funkci\u00f3 jav\u00edt\u00e1s\u00e1val n\u00f6velheti az \u00f6nbizalmat \u00e9s cs\u00f6kkentheti a szexu\u00e1lis teljes\u00edtm\u00e9nnyel kapcsolatos szorong\u00e1st, ami pozit\u00edv pszichol\u00f3giai hat\u00e1ssal lehet, \u00e9s potenci\u00e1lisan hozz\u00e1j\u00e1rulhat az \u00e1ltal\u00e1nos j\u00f3 k\u00f6z\u00e9rzethez.<\/p>\n<p>Ezenk\u00edv\u00fcl az erekci\u00f3 el\u0151seg\u00edt\u00e9s\u00e9vel a Fildena Super Active jav\u00edthatja az alacsony tesztoszteronszint t\u00fcnetek\u00e9nt ED-ben szenved\u0151 egy\u00e9nek \u00e9letmin\u0151s\u00e9g\u00e9t. Mindazon\u00e1ltal alapvet\u0151 fontoss\u00e1g\u00fa, hogy a betegek meg\u00e9rts\u00e9k, hogy ez a gy\u00f3gyszer nem kezeli a m\u00f6g\u00f6ttes hormon\u00e1lis egyens\u00falyhi\u00e1nyt. Az alacsony tesztoszteronszint kezel\u00e9se \u00e1ltal\u00e1ban hormonp\u00f3tl\u00f3 ter\u00e1pi\u00e1t foglal mag\u00e1ban, amelyet meg kell besz\u00e9lni egy eg\u00e9szs\u00e9g\u00fcgyi szolg\u00e1ltat\u00f3val.<\/p>\n<h2>A Fildena Super Active haszn\u00e1lat\u00e1nak mell\u00e9khat\u00e1sai \u00e9s kock\u00e1zatai<\/h2>\n<p>Mint minden gy\u00f3gyszer, a Fildena Super Active is sz\u00e1mos lehets\u00e9ges mell\u00e9khat\u00e1ssal j\u00e1r. A gyakori mell\u00e9khat\u00e1sok k\u00f6z\u00e9 tartozik a fejf\u00e1j\u00e1s, kipirul\u00e1s, orrdugul\u00e1s, sz\u00e9d\u00fcl\u00e9s \u00e9s em\u00e9szt\u00e9si zavar. B\u00e1r ezek \u00e1ltal\u00e1ban enyh\u00e9k \u00e9s \u00e1tmenetiek, el\u0151fordulhatnak s\u00falyosabb reakci\u00f3k is, mint p\u00e9ld\u00e1ul l\u00e1t\u00e1szavarok, hall\u00e1scs\u00f6kken\u00e9s vagy elh\u00faz\u00f3d\u00f3 erekci\u00f3 (priapizmus), amelyek azonnali orvosi ell\u00e1t\u00e1st ig\u00e9nyelnek.<\/p>\n<p>Ezenk\u00edv\u00fcl a Fildena Super Active k\u00f6lcs\u00f6nhat\u00e1sba l\u00e9phet <a href=\"https:\/\/digitalispatika.com\/vasarolni-fildena-szuper-aktiv-veny-nelkul\">Fildena Szuper Akt\u00edv 100mg K\u00f6lts\u00e9g<\/a> m\u00e1s gy\u00f3gyszerekkel, k\u00fcl\u00f6n\u00f6sen a sz\u00edvbetegs\u00e9gek kezel\u00e9s\u00e9re haszn\u00e1lt nitr\u00e1tokkal, ami vesz\u00e9lyes v\u00e9rnyom\u00e1ses\u00e9shez vezethet. L\u00e9tfontoss\u00e1g\u00fa, hogy az egy\u00e9nek a Fildena Super Active-val t\u00f6rt\u00e9n\u0151 kezel\u00e9s megkezd\u00e9se el\u0151tt k\u00f6z\u00f6lj\u00e9k teljes k\u00f3rt\u00f6rt\u00e9net\u00fcket \u00e9s aktu\u00e1lis gy\u00f3gyszerlist\u00e1jukat eg\u00e9szs\u00e9g\u00fcgyi szolg\u00e1ltat\u00f3jukkal. Ez biztos\u00edtja az esetleges kock\u00e1zatok megfelel\u0151 kezel\u00e9s\u00e9t.<\/p>\n<h2>A Fildena Super Active \u00f6sszehasonl\u00edt\u00e1sa m\u00e1s alacsony tesztoszteron-kezel\u00e9sekkel<\/h2>\n<p>Az alacsony tesztoszteronszint kezel\u00e9s\u00e9nek m\u00e9rlegel\u00e9sekor fontos k\u00fcl\u00f6nbs\u00e9get tenni az erekci\u00f3s diszfunkci\u00f3 kezel\u00e9s\u00e9re szolg\u00e1l\u00f3 ter\u00e1pi\u00e1k \u00e9s a hormon\u00e1lis egyens\u00falyhi\u00e1nyt c\u00e9lz\u00f3 ter\u00e1pi\u00e1k k\u00f6z\u00f6tt. A tesztoszteronp\u00f3tl\u00f3 ter\u00e1pia (TRT) az alacsony tesztoszteronszint standard kezel\u00e9se, amelynek c\u00e9lja a hormon norm\u00e1l szintj\u00e9nek helyre\u00e1ll\u00edt\u00e1sa injekci\u00f3k, tapaszok vagy g\u00e9lek seg\u00edts\u00e9g\u00e9vel.<\/p>\n<p>Ezzel szemben a Fildena Super Active \u00e9s m\u00e1s PDE5-g\u00e1tl\u00f3k els\u0151sorban az erekci\u00f3s funkci\u00f3 jav\u00edt\u00e1s\u00e1ra \u00f6sszpontos\u00edtanak, nem pedig a tesztoszteronszint kezel\u00e9s\u00e9re. Azokn\u00e1l a betegekn\u00e9l, akikn\u00e9l ED \u00e9s alacsony tesztoszteronszint is el\u0151fordul, a TRT \u00e9s a PDE5 g\u00e1tl\u00f3k kombin\u00e1ci\u00f3ja m\u00e9rlegelhet\u0151 orvosi fel\u00fcgyelet mellett. Ez a kett\u0151s megk\u00f6zel\u00edt\u00e9s potenci\u00e1lisan jav\u00edthatja a hormon\u00e1lis egyens\u00falyt \u00e9s a szexu\u00e1lis funkci\u00f3t.<\/p>\n<h2>A Fildena Super Active jav\u00edthatja a tesztoszteronszintet?<\/h2>\n<p>A Fildena Super Active k\u00f6zvetlen\u00fcl nem befoly\u00e1solja vagy n\u00f6veli a tesztoszteronszintet. Hat\u00e1smechanizmusa a p\u00e9nisz v\u00e9r\u00e1raml\u00e1s\u00e1nak fokoz\u00e1s\u00e1ra \u00f6sszpontosul az erekci\u00f3s funkci\u00f3 jav\u00edt\u00e1sa \u00e9rdek\u00e9ben. B\u00e1r enyh\u00edtheti az alacsony tesztoszteronszinttel kapcsolatos t\u00fcneteket, p\u00e9ld\u00e1ul az ED-t, nem kezeli a hormonhi\u00e1ny kiv\u00e1lt\u00f3 ok\u00e1t.<\/p>\n<p>Az alacsony tesztoszteronszint\u0171 betegeknek, akik szeretn\u00e9k jav\u00edtani hormonszintj\u00fcket, konzult\u00e1ljanak egy eg\u00e9szs\u00e9g\u00fcgyi szakemberrel a megfelel\u0151 kezel\u00e9sekr\u0151l, p\u00e9ld\u00e1ul a TRT-r\u0151l. Elengedhetetlen, hogy az alacsony tesztoszteronszint \u00e9s az ED kezel\u00e9s\u00e9t holisztikusan k\u00f6zel\u00edts\u00fck meg, figyelembe v\u00e9ve mind a farmakol\u00f3giai, mind az \u00e9letm\u00f3dbeli beavatkoz\u00e1sokat.<\/p>\n<h2>Konzult\u00e1ci\u00f3 eg\u00e9szs\u00e9g\u00fcgyi szakemberekkel: Mit kell megbesz\u00e9lni<\/h2>\n<p>A Fildena Super Active megkezd\u00e9se el\u0151tt alapvet\u0151 fontoss\u00e1g\u00fa, hogy alapos megbesz\u00e9l\u00e9st folytasson egy eg\u00e9szs\u00e9g\u00fcgyi szakemberrel. Ennek a konzult\u00e1ci\u00f3nak ki kell terjednie a beteg k\u00f3rt\u00f6rt\u00e9net\u00e9nek \u00e1tfog\u00f3 \u00e1ttekint\u00e9s\u00e9re, bele\u00e9rtve minden olyan alapbetegs\u00e9get, amely ellenjavallhatja a PDE5-g\u00e1tl\u00f3k alkalmaz\u00e1s\u00e1t, mint p\u00e9ld\u00e1ul a sz\u00edv- \u00e9s \u00e9rrendszeri betegs\u00e9gek vagy a s\u00falyos m\u00e1jk\u00e1rosod\u00e1s.<\/p>\n<p>A betegeknek meg kell besz\u00e9lni\u00fck t\u00fcneteiket \u00e9s elv\u00e1r\u00e1saikat is annak biztos\u00edt\u00e1sa \u00e9rdek\u00e9ben, hogy a Fildena Super Active megfelel\u0151 kezel\u00e9si lehet\u0151s\u00e9g legyen. Ezenk\u00edv\u00fcl a besz\u00e9lget\u00e9s r\u00e9sz\u00e9t kell k\u00e9peznie az alternat\u00edv ter\u00e1pi\u00e1k felt\u00e1r\u00e1s\u00e1nak \u00e9s a tesztoszteronp\u00f3tl\u00e1s lehets\u00e9ges sz\u00fcks\u00e9gess\u00e9g\u00e9nek. Az eg\u00e9szs\u00e9g\u00fcgyi szolg\u00e1ltat\u00f3kkal folytatott ny\u00edlt kommunik\u00e1ci\u00f3 seg\u00edt olyan kezel\u00e9si tervet kialak\u00edtani, amely hat\u00e9konyan megfelel az egy\u00e9n sz\u00fcks\u00e9gleteinek.<\/p>\n<h2>\u00c9letm\u00f3dbeli v\u00e1ltoz\u00e1sok a tesztoszteronszint t\u00e1mogat\u00e1sa \u00e9rdek\u00e9ben<\/h2>\n<p>M\u00edg az orvosi kezel\u00e9sek jelent\u0151s szerepet j\u00e1tszanak az alacsony tesztoszteronszint \u00e9s az ED kezel\u00e9s\u00e9ben, az \u00e9letm\u00f3dbeli v\u00e1ltoztat\u00e1sok is jelent\u0151s v\u00e1ltoz\u00e1st hozhatnak. A rendszeres fizikai aktivit\u00e1s, k\u00fcl\u00f6n\u00f6sen az ellen\u00e1ll\u00e1si edz\u00e9s \u00e9s a nagy intenzit\u00e1s\u00fa intervallum edz\u00e9s, kimutatt\u00e1k, hogy term\u00e9szetes m\u00f3don n\u00f6veli a tesztoszteronszintet. Az eg\u00e9szs\u00e9ges tests\u00faly fenntart\u00e1sa \u00e9s a t\u00e1panyagokban gazdag kiegyens\u00falyozott \u00e9trend t\u00e1mogatja a hormon\u00e1lis eg\u00e9szs\u00e9get \u00e9s az \u00e1ltal\u00e1nos j\u00f3 k\u00f6z\u00e9rzetet.<\/p>\n<p>A stressz cs\u00f6kkent\u00e9se \u00e9ber figyelem gyakorlatokkal, p\u00e9ld\u00e1ul medit\u00e1ci\u00f3val vagy j\u00f3g\u00e1val szint\u00e9n pozit\u00edvan befoly\u00e1solhatja a tesztoszteronszintet, mivel a kr\u00f3nikus stressz gyakran hormon\u00e1lis egyens\u00falyhi\u00e1nyhoz vezet. A megfelel\u0151 alv\u00e1s biztos\u00edt\u00e1sa egy m\u00e1sik kritikus t\u00e9nyez\u0151, mivel a rossz alv\u00e1smin\u0151s\u00e9g \u00f6sszef\u00fcgg az alacsonyabb tesztoszterontermel\u00e9ssel. Ezen \u00e9letm\u00f3d-m\u00f3dos\u00edt\u00e1sok elfogad\u00e1s\u00e1val az egy\u00e9nek b\u00e1rmilyen orvosi kezel\u00e9s mellett t\u00e1mogathatj\u00e1k hormon\u00e1lis eg\u00e9szs\u00e9g\u00fcket.<\/p>\n<h2>Az alacsony tesztoszterontartalm\u00fa Fildena Super Active biztons\u00e1gos haszn\u00e1lata<\/h2>\n<p>A Fildena Super Active biztons\u00e1gos haszn\u00e1lat\u00e1hoz az egy\u00e9neknek be kell tartaniuk az eg\u00e9szs\u00e9g\u00fcgyi szolg\u00e1ltat\u00f3juk \u00e1ltal el\u0151\u00edrt adagol\u00e1si \u00e9s alkalmaz\u00e1si ir\u00e1nyelveket. A gy\u00f3gyszer el\u0151\u00edr\u00e1s szerinti szed\u00e9se cs\u00f6kkenti a mell\u00e9khat\u00e1sok kock\u00e1zat\u00e1t \u00e9s maximaliz\u00e1lja a hat\u00e9konys\u00e1g\u00e1t az ED kezel\u00e9s\u00e9ben. Fontos, hogy ne l\u00e9pje t\u00fal az aj\u00e1nlott adagot, mert ez n\u00f6veli a mell\u00e9khat\u00e1sok el\u0151fordul\u00e1s\u00e1nak val\u00f3sz\u00edn\u0171s\u00e9g\u00e9t.<\/p>\n<p>A betegeknek tiszt\u00e1ban kell lenni\u00fck m\u00e1s gy\u00f3gyszerekkel val\u00f3 lehets\u00e9ges k\u00f6lcs\u00f6nhat\u00e1sokkal is, \u00e9s ker\u00fclni\u00fck kell a Fildena Super Active nitr\u00e1tokkal vagy m\u00e1s ellenjavallt gy\u00f3gyszerekkel egy\u00fctt t\u00f6rt\u00e9n\u0151 alkalmaz\u00e1s\u00e1t. Az eg\u00e9szs\u00e9g\u00fcgyi szolg\u00e1ltat\u00f3val val\u00f3 rendszeres nyomon k\u00f6vet\u00e9s seg\u00edthet a kezel\u00e9s hat\u00e9konys\u00e1g\u00e1nak nyomon k\u00f6vet\u00e9s\u00e9ben \u00e9s a ter\u00e1pi\u00e1s terv sz\u00fcks\u00e9ges m\u00f3dos\u00edt\u00e1s\u00e1ban.<\/p>\n<h2>\u00c9letb\u0151l szerzett tapasztalatok: besz\u00e1mol\u00f3k \u00e9s esettanulm\u00e1nyok<\/h2>\n<p>Sok egy\u00e9n pozit\u00edv eredm\u00e9nyekr\u0151l sz\u00e1molt be a Fildena Super Active erekci\u00f3s zavarok kezel\u00e9s\u00e9re val\u00f3 alkalmaz\u00e1sa ut\u00e1n, k\u00fcl\u00f6n\u00f6s tekintettel a gyors hat\u00e1skezdetre \u00e9s a szexu\u00e1lis teljes\u00edtm\u00e9ny jav\u00edt\u00e1s\u00e1ra. A besz\u00e1mol\u00f3k gyakran kiemelik a gy\u00f3gyszer azon k\u00e9pess\u00e9g\u00e9t, hogy helyre\u00e1ll\u00edtsa az \u00f6nbizalmat \u00e9s jav\u00edtsa az \u00e9letmin\u0151s\u00e9get az ED-t\u00fcnetek kezel\u00e9s\u00e9vel.<\/p>\n<p>Esettanulm\u00e1nyok azt mutatj\u00e1k, hogy a Fildena Super Active \u00e9letk\u00e9pes megold\u00e1s azoknak az egy\u00e9neknek, akik nem reag\u00e1ltak megfelel\u0151en a hagyom\u00e1nyos ED-kezel\u00e9sekre. M\u00edg a szem\u00e9lyes tapasztalatok elt\u00e9r\u0151ek, az \u00e1lland\u00f3 t\u00e9ma a gy\u00f3gyszer szerepe az erekci\u00f3 el\u0151seg\u00edt\u00e9s\u00e9ben \u00e9s az akt\u00edv szexu\u00e1lis \u00e9let t\u00e1mogat\u00e1s\u00e1ban. Ezek a val\u00f3s besz\u00e1mol\u00f3k hangs\u00falyozz\u00e1k az egy\u00e9ni ig\u00e9nyekhez szabott, szem\u00e9lyre szabott kezel\u00e9si tervek fontoss\u00e1g\u00e1t.<\/p>\n<h2>Gyakran ism\u00e9telt k\u00e9rd\u00e9sek a Fildena Super Active-r\u00f3l<\/h2>\n<p>A Fildena Super Active gyakran k\u00e9rd\u00e9seket vet fel a haszn\u00e1lat\u00e1val, biztons\u00e1g\u00e1val \u00e9s hat\u00e9konys\u00e1g\u00e1val kapcsolatban. A gyakori k\u00e9rd\u00e9sek a mell\u00e9khat\u00e1sokkal, a hat\u00e1s id\u0151tartam\u00e1val \u00e9s m\u00e1s gy\u00f3gyszerekkel val\u00f3 kompatibilit\u00e1s\u00e1val kapcsolatban mer\u00fclnek fel. A betegek gyakran k\u00e9rdezik, hogy alkalmazhat\u00f3-e tesztoszteronp\u00f3tl\u00f3 ter\u00e1pi\u00e1val egy\u00fctt, \u00e9s hogyan hasonl\u00edthat\u00f3 \u00f6ssze m\u00e1s ED-kezel\u00e9sekkel.<\/p>\n<p>Az eg\u00e9szs\u00e9g\u00fcgyi szolg\u00e1ltat\u00f3k jelentik a legjobb inform\u00e1ci\u00f3forr\u00e1st ezeknek a k\u00e9rd\u00e9seknek a megv\u00e1laszol\u00e1s\u00e1hoz, \u00fatmutat\u00e1st adva az egy\u00e9n eg\u00e9szs\u00e9gi profilja \u00e9s saj\u00e1tos k\u00f6r\u00fclm\u00e9nyei alapj\u00e1n. A Fildena Super Active \u00e1rnyalatainak meg\u00e9rt\u00e9se lehet\u0151v\u00e9 teszi a betegek sz\u00e1m\u00e1ra, hogy megalapozott d\u00f6nt\u00e9seket hozzanak kezel\u00e9si lehet\u0151s\u00e9geiket illet\u0151en.<\/p>\n<h2>Jogi \u00e9s etikai szempontok a Fildena Super Active haszn\u00e1lat\u00e1val kapcsolatban<\/h2>\n<p>A Fildena Super Active haszn\u00e1lata, mint minden gy\u00f3gyszer, jogi \u00e9s etikai megfontol\u00e1sokat foglal mag\u00e1ban. Alapvet\u0151 fontoss\u00e1g\u00fa, hogy a gy\u00f3gyszert leg\u00e1lis csatorn\u00e1kon kereszt\u00fcl szerezz\u00fck be, hogy biztos\u00edtsuk annak hiteless\u00e9g\u00e9t \u00e9s biztons\u00e1g\u00e1t. A nem ellen\u0151rz\u00f6tt forr\u00e1sb\u00f3l t\u00f6rt\u00e9n\u0151 v\u00e1s\u00e1rl\u00e1s kock\u00e1zatokat rejt mag\u00e1ban, bele\u00e9rtve a hamis\u00edtott term\u00e9kek fogad\u00e1s\u00e1t, amelyek esetleg nem hat\u00e9konyak vagy biztons\u00e1gosak.<\/p>\n<p>Ezen t\u00falmen\u0151en az etikai megfontol\u00e1sok k\u00f6z\u00e9 tartozik a gy\u00f3gyszer felel\u0151ss\u00e9gteljes haszn\u00e1lata, k\u00fcl\u00f6n\u00f6sen azokban az esetekben, amikor az orvosilag nem indokolt. A betegeknek be kell tartaniuk az el\u0151\u00edrt adagokat, \u00e9s csak az eg\u00e9szs\u00e9g\u00fcgyi szolg\u00e1ltat\u00f3 utas\u00edt\u00e1sai szerint haszn\u00e1lhatj\u00e1k a gy\u00f3gyszert. Ez a felel\u0151ss\u00e9gteljes megk\u00f6zel\u00edt\u00e9s biztos\u00edtja a biztons\u00e1got \u00e9s az orvosi ir\u00e1nyelvek betart\u00e1s\u00e1t.<\/p>\n<h2>J\u00f6v\u0151beli kutat\u00e1si ir\u00e1nyok az erekci\u00f3s zavarok \u00e9s az alacsony tesztoszteron kezel\u00e9s ter\u00e9n<\/h2>\n<p>Az erekci\u00f3s zavar \u00e9s az alacsony tesztoszteron ter\u00fclet\u00e9n a j\u00f6v\u0151beli kutat\u00e1sok \u00faj kezel\u00e9si m\u00f3dok felt\u00e1r\u00e1s\u00e1ra \u00e9s a megl\u00e9v\u0151 ter\u00e1pi\u00e1k finom\u00edt\u00e1s\u00e1ra v\u00e1rnak. A jelenlegi tanulm\u00e1nyok olyan \u00faj gy\u00f3gyszerk\u00e9sz\u00edtm\u00e9nyeket vizsg\u00e1lnak, amelyek potenci\u00e1lisan hosszabb ideig tart\u00f3 hat\u00e1st \u00e9s kevesebb mell\u00e9khat\u00e1st k\u00edn\u00e1lnak a hagyom\u00e1nyos PDE5-g\u00e1tl\u00f3khoz k\u00e9pest.<\/p>\n<p>A kutat\u00e1s a tesztoszteronszint \u00e9s az erekci\u00f3s diszfunkci\u00f3 k\u00f6z\u00f6tti \u00f6sszetett k\u00f6lcs\u00f6nhat\u00e1s meg\u00e9rt\u00e9s\u00e9re is \u00f6sszpontos\u00edt, c\u00e9lzottabb kezel\u00e9si strat\u00e9gi\u00e1k kidolgoz\u00e1s\u00e1ra. A genetikai \u00e9s hormon\u00e1lis kutat\u00e1s el\u0151rehalad\u00e1sa szem\u00e9lyre szabott orvosi megk\u00f6zel\u00edt\u00e9sekhez vezethet, az egy\u00e9ni genetikai profilok \u00e9s hormon\u00e1lis sz\u00fcks\u00e9gletek alapj\u00e1n szem\u00e9lyre szabott kezel\u00e9sekhez.<\/p>\n<h2>K\u00f6vetkeztet\u00e9s: A Fildena Super Active a megfelel\u0151 v\u00e1laszt\u00e1s az \u00d6n sz\u00e1m\u00e1ra?<\/h2>\n<p>A Fildena Super Active \u00e9letk\u00e9pes lehet\u0151s\u00e9get k\u00edn\u00e1l az erekci\u00f3s diszfunkci\u00f3t kezelni v\u00e1gy\u00f3 egy\u00e9nek sz\u00e1m\u00e1ra, k\u00fcl\u00f6n\u00f6sen akkor, ha a gyors megjelen\u00e9s \u00e9s a k\u00f6nny\u0171 haszn\u00e1lat a priorit\u00e1s. Ez azonban nem gy\u00f3gy\u00edtja az alacsony tesztoszteronszintet, \u00e9s egy sz\u00e9lesebb kezel\u00e9si strat\u00e9gia r\u00e9sz\u00e9nek kell tekinteni. A betegeknek konzult\u00e1lniuk kell eg\u00e9szs\u00e9g\u00fcgyi szolg\u00e1ltat\u00f3kkal, hogy meghat\u00e1rozz\u00e1k a Fildena Super Active megfelel\u0151s\u00e9g\u00e9t speci\u00e1lis eg\u00e9szs\u00e9g\u00fcgyi \u00e1llapotuk \u00e9s \u00e1ltal\u00e1nos eg\u00e9szs\u00e9g\u00fcgyi c\u00e9ljaik alapj\u00e1n.<\/p>\n<p>V\u00e9gs\u0151 soron a Fildena Super Active haszn\u00e1lat\u00e1ra vonatkoz\u00f3 d\u00f6nt\u00e9st az el\u0151ny\u00f6k \u00e9s kock\u00e1zatok \u00e1tfog\u00f3 \u00e9rt\u00e9kel\u00e9se, valamint az alternat\u00edv ter\u00e1pi\u00e1k m\u00e9rlegel\u00e9se alapj\u00e1n kell meghozni. Megfelel\u0151 ir\u00e1ny\u00edt\u00e1ssal \u00e9s kezel\u00e9ssel jelent\u0151s szerepet j\u00e1tszhat a szexu\u00e1lis eg\u00e9szs\u00e9g \u00e9s az \u00e9letmin\u0151s\u00e9g jav\u00edt\u00e1s\u00e1ban.<\/p>\n","protected":false},"excerpt":{"rendered":"<p>Fildena Super Active \u00e9s alacsony tesztoszteron: tudod haszn\u00e1lni? A Fildena Super Active lehet\u0151s\u00e9geinek felt\u00e1r\u00e1sa az erekci\u00f3s diszfunkci\u00f3val \u00e9s az alacsony tesztoszteronszinttel kapcsolatos probl\u00e9m\u00e1k kezel\u00e9s\u00e9ben. A Fildena Super Active meg\u00e9rt\u00e9se: \u00d6sszet\u00e9tel \u00e9s felhaszn\u00e1l\u00e1s A Fildena Super Active egy gy\u00f3gyszer\u00e9szeti term\u00e9k, amelyet els\u0151sorban f\u00e9rfiak mereved\u00e9si zavar\u00e1nak (ED) kezel\u00e9s\u00e9re haszn\u00e1lnak. Hat\u00f3anyaga, a szildenafil-citr\u00e1t egy j\u00f3l ismert vegy\u00fclet, amely [&hellip;]<\/p>\n","protected":false},"author":1,"featured_media":0,"parent":0,"menu_order":0,"comment_status":"closed","ping_status":"closed","template":"","meta":[],"_links":{"self":[{"href":"http:\/\/www.scope25.com\/index.php?rest_route=\/wp\/v2\/pages\/38696"}],"collection":[{"href":"http:\/\/www.scope25.com\/index.php?rest_route=\/wp\/v2\/pages"}],"about":[{"href":"http:\/\/www.scope25.com\/index.php?rest_route=\/wp\/v2\/types\/page"}],"author":[{"embeddable":true,"href":"http:\/\/www.scope25.com\/index.php?rest_route=\/wp\/v2\/users\/1"}],"replies":[{"embeddable":true,"href":"http:\/\/www.scope25.com\/index.php?rest_route=%2Fwp%2Fv2%2Fcomments&post=38696"}],"version-history":[{"count":1,"href":"http:\/\/www.scope25.com\/index.php?rest_route=\/wp\/v2\/pages\/38696\/revisions"}],"predecessor-version":[{"id":38698,"href":"http:\/\/www.scope25.com\/index.php?rest_route=\/wp\/v2\/pages\/38696\/revisions\/38698"}],"wp:attachment":[{"href":"http:\/\/www.scope25.com\/index.php?rest_route=%2Fwp%2Fv2%2Fmedia&parent=38696"}],"curies":[{"name":"wp","href":"https:\/\/api.w.org\/{rel}","templated":true}]}}