{"id":38376,"date":"2026-03-24T10:00:35","date_gmt":"2026-03-24T10:00:35","guid":{"rendered":"https:\/\/www.scope25.com\/?page_id=38376"},"modified":"2026-03-24T10:00:35","modified_gmt":"2026-03-24T10:00:35","slug":"razumijevanje-uobicajenih-nuspojava","status":"publish","type":"page","link":"http:\/\/www.scope25.com\/?page_id=38376","title":{"rendered":"Razumijevanje uobi\u010dajenih nuspojava"},"content":{"rendered":"<h1>Nuspojave: \u0161to je uobi\u010dajeno, \u0161to rijetko i sigurnosne crvene zastavice: izdanje koje razbija mitove<\/h1>\n<p>Razumijevanje nuspojava lijekova klju\u010dno je za sigurnost, razlikovanje mitova od \u010dinjenica i osiguravanje u\u010dinkovite komunikacije s pru\u017eateljima zdravstvenih usluga.<\/p>\n<h2>Razumijevanje uobi\u010dajenih nuspojava<\/h2>\n<p>Uobi\u010dajene nuspojave su one koje se \u010desto javljaju kod pacijenata koji uzimaju odre\u0111eni lijek, ali su op\u0107enito blage i podno\u0161ljive. To mo\u017ee uklju\u010divati \u200b\u200bsimptome poput glavobolje, mu\u010dnine i vrtoglavice. Ti se u\u010dinci \u010desto javljaju dok se tijelo prilago\u0111ava novom lijeku i obi\u010dno nestaju u roku od nekoliko dana do tjedana. Razumijevanje da su ovo o\u010dekivane reakcije mo\u017ee pomo\u0107i u ubla\u017eavanju zabrinutosti pacijenata i pobolj\u0161ati pridr\u017eavanje propisanih tretmana.<\/p>\n<p>Pru\u017eatelji zdravstvenih usluga \u010desto pripremaju pacijente na ove uobi\u010dajene nuspojave, osiguravaju\u0107i da su dobro informirani i spremni rije\u0161iti bilo kakvu nelagodu. Na primjer, pacijentu koji po\u010dinje uzimati novi antidepresiv mo\u017ee se re\u0107i da po\u010detna pospanost ili blagi gastrointestinalni poreme\u0107aj nisu neuobi\u010dajeni. Svjesnost ovih potencijalnih u\u010dinaka mo\u017ee sprije\u010diti nepotrebnu uzbunu i potaknuti informiraniji dijalog izme\u0111u pacijenata i pru\u017eatelja zdravstvenih usluga.<\/p>\n<h2>Rijetke nuspojave: na \u0161to treba paziti<\/h2>\n<p>Iako se rijetke nuspojave javljaju rijetko, ponekad mogu biti te\u0161ke i zahtijevaju hitnu pozornost. To mo\u017ee uklju\u010divati \u200b\u200balergijske reakcije, te\u0161ke ko\u017ene osipe ili neobi\u010dno oticanje. Pacijentima se \u010desto savjetuje da odmah potra\u017ee lije\u010dni\u010dki savjet ako iskuse bilo kakve simptome koji su neo\u010dekivani ili znatno iscrpljuju\u0107i.<\/p>\n<p>Od klju\u010dne je va\u017enosti i za pacijente i za zdravstvene djelatnike da budu oprezni u pogledu ovih rijetkih pojava. Dokumentiranje svih neobi\u010dnih reakcija i razgovor o njima s lije\u010dnikom mo\u017ee pomo\u0107i u odre\u0111ivanju treba li lijek prilagoditi ili prekinuti. U nekim slu\u010dajevima, rijetke nuspojave mogu ukazivati \u200b\u200bna ozbiljniji temeljni problem koji zahtijeva pozornost.<\/p>\n<h2>Razlikovanje izme\u0111u blagih i te\u0161kih nuspojava<\/h2>\n<p>Razlikovanje izme\u0111u blagih i te\u0161kih nuspojava klju\u010dno je za u\u010dinkovito vo\u0111enje brige o pacijentu. Blage nuspojave, poput suhih usta ili laganog umora, \u010desto ne zahtijevaju lije\u010dni\u010dku intervenciju i mogu se rije\u0161iti jednostavnim prilagodbama na\u010dina \u017eivota ili lijekovima koji se izdaju bez recepta.<\/p>\n<p>Nasuprot tome, te\u0161ke nuspojave kao \u0161to su ote\u017eano disanje, bol u prsima ili zna\u010dajne promjene u raspolo\u017eenju ili pona\u0161anju zahtijevaju hitnu lije\u010dni\u010dku pomo\u0107. Prepoznavanje ozbiljnosti nuspojave klju\u010dno je za pravovremenu intervenciju i sprje\u010davanje daljnjih komplikacija. Bolesnike treba poticati da vjeruju svojim instinktima i potra\u017ee savjet lije\u010dnika ako nisu sigurni u ozbiljnost svojih simptoma.<\/p>\n<h2>Uobi\u010dajeni mitovi o nuspojavama lijekova<\/h2>\n<p>Jedan prevladavaju\u0107i mit je da su sve nuspojave \u0161tetne i da ih treba izbjegavati pod svaku cijenu. Ovo pogre\u0161no shva\u0107anje mo\u017ee dovesti do nepridr\u017eavanja lijekova i pogor\u0161ati zdravstvene ishode. U stvarnosti, neke su nuspojave normalan dio procesa prilagodbe tijela i mogu se smanjiti tijekom vremena.<\/p>\n<p>Jo\u0161 jedan uobi\u010dajeni mit je uvjerenje da prirodni ili biljni lijekovi nemaju nuspojava. To nije uvijek slu\u010daj jer te tvari mogu stupiti u interakciju s lijekovima na recept ili uzrokovati vlastite nuspojave. Razbijanje ovih mitova klju\u010dno je za poticanje informiranih odluka o kori\u0161tenju lijekova i cjelokupnom upravljanju zdravljem.<\/p>\n<h2>Prepoznavanje sigurnosnih crvenih zastavica u lijekovima<\/h2>\n<p>Sigurnosne crvene zastavice u lijekovima mogu uklju\u010divati \u200b\u200bupozorenja crne kutije, koja su najstro\u017ee upozorenje FDA-e i ukazuju na potencijal ozbiljnih \u0161tetnih u\u010dinaka. Bolesnici bi trebali biti svjesni ovih upozorenja i razumjeti njihove implikacije na njihov plan lije\u010denja.<\/p>\n<p>Ostale crvene zastavice mogu <a href=\"https:\/\/brzaljekarna.net\/\">Brza Ljekarna<\/a> uklju\u010divati \u200b\u200bvisoku u\u010destalost te\u0161kih nuspojava prijavljenih tijekom postmarketin\u0161kog nadzora ili zabrinutosti iznesene u nedavnim klini\u010dkim studijama. Pra\u0107enje najnovijih istra\u017eivanja i sigurnosnih obavijesti zdravstvenih tijela mo\u017ee pomo\u0107i i pacijentima i pru\u017eateljima zdravstvenih usluga da donesu informirane odluke o upotrebi lijekova.<\/p>\n<h2>Uloga doze u pojavi nuspojava<\/h2>\n<p>Doziranje ima presudnu ulogu u pojavi i ozbiljnosti nuspojava. Vi\u0161e doze lijeka vjerojatnije \u0107e izazvati izra\u017eene nuspojave, dok se ni\u017ee doze mogu bolje podnositi, ali su potencijalno manje u\u010dinkovite. Pronala\u017eenje prave ravnote\u017ee izme\u0111u u\u010dinkovitosti i podno\u0161ljivosti klju\u010dni je aspekt personalizirane medicine.<\/p>\n<p>Pru\u017eatelji zdravstvenih usluga \u010desto zapo\u010dinju pacijente s najni\u017eom u\u010dinkovitom dozom i postupno je pove\u0107avaju kako bi smanjili nuspojave uz postizanje \u017eeljenog terapijskog u\u010dinka. Bolesnike treba poticati da prijave sve promjene u svojim simptomima jer im se doza prilago\u0111ava kako bi se osigurali optimalni rezultati lije\u010denja.<\/p>\n<h2>Kako u\u010dinkovito prijaviti nuspojave<\/h2>\n<p>Prijavljivanje nuspojava va\u017ean je dio postmarketin\u0161kog nadzora i poma\u017ee u prepoznavanju prethodno neprijavljenih nuspojava. Pacijenti mogu prijaviti nuspojave izravno svom lije\u010dniku ili putem nacionalnih sustava za prijavu kao \u0161to je britanska shema \u017eutog kartona.<\/p>\n<p>Prilikom prijavljivanja nuspojava, pacijenti bi trebali navesti \u0161to vi\u0161e pojedinosti, uklju\u010duju\u0107i po\u010detak, trajanje i te\u017einu simptoma. Ove informacije mogu pomo\u0107i pru\u017eateljima zdravstvenih usluga da utvrde je li nuspojava vjerojatno povezana s lijekom i da odlu\u010de o odgovaraju\u0107im radnjama, kao \u0161to je prilago\u0111avanje doze ili prebacivanje na alternativno lije\u010denje.<\/p>\n<h2>Utjecaj na\u010dina \u017eivota na nuspojave<\/h2>\n<p>\u010cimbenici na\u010dina \u017eivota poput prehrane, tjelovje\u017ebe i konzumacije alkohola mogu zna\u010dajno utjecati na pojavu i te\u017einu nuspojava lijekova. Na primjer, prehrana bogata mastima mo\u017ee promijeniti apsorpciju odre\u0111enih lijekova, pove\u0107avaju\u0107i rizik od gastrointestinalnih nuspojava.<\/p>\n<p>Sli\u010dno tome, alkohol mo\u017ee pogor\u0161ati sedativne u\u010dinke lijekova poput antihistaminika ili benzodiazepina. Poticanje pacijenata na zdrav na\u010din \u017eivota mo\u017ee ubla\u017eiti neke nuspojave i pove\u0107ati ukupnu u\u010dinkovitost njihovog re\u017eima lije\u010denja.<\/p>\n<h2>Razumijevanje interakcija lijekova i njihovih nuspojava<\/h2>\n<p>Interakcije lijekova nastaju kada se u\u010dinci jednog lijeka mijenjaju prisutno\u0161\u0107u druge tvari, \u0161to dovodi do poja\u010danih nuspojava ili smanjene u\u010dinkovitosti. To se mo\u017ee dogoditi s lijekovima na recept, lijekovima bez recepta ili \u010dak odre\u0111enom hranom.<\/p>\n<p>Pacijente treba poticati da svojim pru\u017eateljima zdravstvenih usluga otkriju sve lijekove koje uzimaju, uklju\u010duju\u0107i dodatke prehrani i biljne proizvode. Ove su informacije klju\u010dne za prepoznavanje potencijalnih interakcija i sukladno tome prilago\u0111avanje planova lije\u010denja kako bi se \u0161tetni u\u010dinci sveli na najmanju mogu\u0107u mjeru.<\/p>\n<h2>Upravljanje nuspojavama: savjeti i strategije<\/h2>\n<p>U\u010dinkovito upravljanje nuspojavama uklju\u010duje kombinaciju pra\u0107enja, prilagodbe na\u010dina \u017eivota i otvorenu komunikaciju s pru\u017eateljima zdravstvenih usluga. Pacijente treba poticati da vode dnevnik simptoma kako bi pratili sve promjene u svom stanju i razgovarali o tim nalazima tijekom lije\u010dni\u010dkih pregleda.<\/p>\n<p>Jednostavne strategije kao \u0161to je uzimanje lijekova s \u200b\u200bhranom kako bi se smanjila mu\u010dnina ili raspored doza no\u0107u kako bi se smanjila dnevna pospanost tako\u0111er mogu biti korisne. Suradnja s pru\u017eateljima zdravstvenih usluga mo\u017ee pomo\u0107i pacijentima da prona\u0111u naju\u010dinkovitije strategije za upravljanje nuspojavama i odr\u017eavanje kvalitete \u017eivota.<\/p>\n<h2>Nuspojave u razli\u010ditim populacijama: dob i spol<\/h2>\n<p>Dob i spol mogu utjecati na vjerojatnost i te\u017einu nuspojava. Na primjer, starije odrasle osobe mogu biti osjetljivije na nuspojave zbog promjena u metabolizmu i funkciji organa povezanih s dobi. Ova populacija mo\u017ee zahtijevati pomnije pra\u0107enje i prilagodbu doze.<\/p>\n<p>Spolne razlike tako\u0111er mogu igrati ulogu, pri \u010demu \u017eene ponekad do\u017eivljavaju razli\u010dite ili ja\u010de nuspojave od mu\u0161karaca zbog hormonalnih varijacija i razlika u sastavu tijela. Prilago\u0111avanje planova lije\u010denja kako bi se uzele u obzir te razlike mo\u017ee pove\u0107ati sigurnost i u\u010dinkovitost za sve pacijente.<\/p>\n<h2>Psiholo\u0161ki utjecaj nuspojava<\/h2>\n<p>Ne treba podcjenjivati \u200b\u200bpsiholo\u0161ki u\u010dinak nuspojava. Osje\u0107aj nuspojava mo\u017ee dovesti do tjeskobe, depresije ili straha od nastavka lije\u010denja. Ovaj emocionalni odgovor mo\u017ee dodatno zakomplicirati stanje pacijenta i sprije\u010diti oporavak.<\/p>\n<p>Pru\u017eatelji zdravstvenih usluga trebali bi se pozabaviti ovim psiholo\u0161kim aspektima, nude\u0107i podr\u0161ku i umiruju\u0107i pacijente. Pru\u017eanje edukacije o prirodi nuspojava i rasprava o strategijama za njihovo upravljanje mo\u017ee pomo\u0107i u ubla\u017eavanju tjeskobe i pobolj\u0161ati pridr\u017eavanje lije\u010denja.<\/p>\n<h2>Kako razgovarati o nuspojavama s pru\u017eateljima zdravstvenih usluga<\/h2>\n<p>Otvorena i iskrena komunikacija s pru\u017eateljima zdravstvenih usluga klju\u010dna je kada se razgovara o nuspojavama lijekova. Pacijenti bi se trebali osje\u0107ati ovla\u0161tenima postavljati pitanja i izra\u017eavati zabrinutost u vezi sa svojim lije\u010denjem. Jasno razumijevanje onoga \u0161to mogu o\u010dekivati \u200b\u200bmo\u017ee pomo\u0107i pacijentima da osje\u0107aju ve\u0107u kontrolu nad svojim zdravljem.<\/p>\n<p>Pru\u017eatelji zdravstvenih usluga trebaju stvoriti okru\u017eenje u kojem se pacijenti osje\u0107aju ugodno razgovaraju\u0107i o nuspojavama bez straha od osude. Ovaj je dijalog klju\u010dan za dono\u0161enje informiranih odluka o prilagodbama lije\u010denja i osiguravanju najboljih mogu\u0107ih ishoda za zdravlje pacijenta.<\/p>\n<h2>Budu\u0107nost pra\u0107enja sigurnosti lijekova<\/h2>\n<p>Napredak u tehnologiji i analizi podataka utire put za sofisticiranije pra\u0107enje sigurnosti lijekova. Sustavi koji koriste umjetnu inteligenciju mogu br\u017ee identificirati potencijalne nuspojave analizom velikih skupova podataka iz klini\u010dkih ispitivanja i kori\u0161tenja u stvarnom svijetu.<\/p>\n<p>Kako se te tehnologije razvijaju, obe\u0107avaju da \u0107e pobolj\u0161ati na\u0161e razumijevanje nuspojava i pove\u0107ati sigurnost upotrebe lijekova. Kontinuirano ulaganje u istra\u017eivanje i razvoj klju\u010dno je za potpuno ostvarenje potencijala ovih inovacija, \u0161to u kona\u010dnici dovodi do sigurnijih i u\u010dinkovitijih tretmana.<\/p>\n<h2>Zaklju\u010dak: balansiranje koristi i rizika<\/h2>\n<p>Uskla\u0111ivanje koristi i rizika lijekova slo\u017een je, ali bitan aspekt zdravstvene skrbi. Iako su nuspojave neizbje\u017ean dio upotrebe lijekova, razumijevanje njihove prirode i provedba u\u010dinkovitih strategija upravljanja mogu zna\u010dajno pobolj\u0161ati ishode pacijenata.<\/p>\n<p>Poticanjem otvorene komunikacije, informiranjem o novim dostignu\u0107ima i usvajanjem holisti\u010dkog pristupa skrbi za pacijente, pru\u017eatelji zdravstvenih usluga mogu pomo\u0107i pacijentima da se nose s izazovima nuspojava, dok maksimalno pove\u0107avaju terapijske dobrobiti svojih lijekova.<\/p>\n","protected":false},"excerpt":{"rendered":"<p>Nuspojave: \u0161to je uobi\u010dajeno, \u0161to rijetko i sigurnosne crvene zastavice: izdanje koje razbija mitove Razumijevanje nuspojava lijekova klju\u010dno je za sigurnost, razlikovanje mitova od \u010dinjenica i osiguravanje u\u010dinkovite komunikacije s pru\u017eateljima zdravstvenih usluga. Razumijevanje uobi\u010dajenih nuspojava Uobi\u010dajene nuspojave su one koje se \u010desto javljaju kod pacijenata koji uzimaju odre\u0111eni lijek, ali su op\u0107enito blage i [&hellip;]<\/p>\n","protected":false},"author":1,"featured_media":0,"parent":0,"menu_order":0,"comment_status":"closed","ping_status":"closed","template":"","meta":[],"_links":{"self":[{"href":"http:\/\/www.scope25.com\/index.php?rest_route=\/wp\/v2\/pages\/38376"}],"collection":[{"href":"http:\/\/www.scope25.com\/index.php?rest_route=\/wp\/v2\/pages"}],"about":[{"href":"http:\/\/www.scope25.com\/index.php?rest_route=\/wp\/v2\/types\/page"}],"author":[{"embeddable":true,"href":"http:\/\/www.scope25.com\/index.php?rest_route=\/wp\/v2\/users\/1"}],"replies":[{"embeddable":true,"href":"http:\/\/www.scope25.com\/index.php?rest_route=%2Fwp%2Fv2%2Fcomments&post=38376"}],"version-history":[{"count":1,"href":"http:\/\/www.scope25.com\/index.php?rest_route=\/wp\/v2\/pages\/38376\/revisions"}],"predecessor-version":[{"id":38378,"href":"http:\/\/www.scope25.com\/index.php?rest_route=\/wp\/v2\/pages\/38376\/revisions\/38378"}],"wp:attachment":[{"href":"http:\/\/www.scope25.com\/index.php?rest_route=%2Fwp%2Fv2%2Fmedia&parent=38376"}],"curies":[{"name":"wp","href":"https:\/\/api.w.org\/{rel}","templated":true}]}}