{"id":37602,"date":"2026-03-23T15:40:02","date_gmt":"2026-03-23T15:40:02","guid":{"rendered":"https:\/\/www.scope25.com\/?page_id=37602"},"modified":"2026-03-23T15:40:02","modified_gmt":"2026-03-23T15:40:02","slug":"pozitiv-eredmenyek-a-prozac-generikus-hasznalatabol","status":"publish","type":"page","link":"http:\/\/www.scope25.com\/?page_id=37602","title":{"rendered":"Pozit\u00edv eredm\u00e9nyek a Prozac generikus haszn\u00e1lat\u00e1b\u00f3l"},"content":{"rendered":"<h1>Betegt\u00f6rt\u00e9netek: mir\u0151l sz\u00e1molnak be az emberek a Prozac Genericr\u0151l<\/h1>\n<p>A Prozac Generic-et haszn\u00e1l\u00f3 betegek v\u00e1ltozatos tapasztalatait felt\u00e1rva ez a cikk a ment\u00e1lis eg\u00e9szs\u00e9ggel kapcsolatos utaz\u00e1sokr\u00f3l \u00e9s a gy\u00f3gyszerek hat\u00e1sair\u00f3l sz\u00f3l\u00f3 szem\u00e9lyes t\u00f6rt\u00e9neteket t\u00e1rgyalja.<\/p>\n<h2>A Prozac Generic bemutat\u00e1sa: \u00c1ttekint\u00e9s<\/h2>\n<p>A Prozac Generic, tudom\u00e1nyos nev\u00e9n fluoxetin, egy sz\u00e9les k\u00f6rben haszn\u00e1lt antidepressz\u00e1ns, amely a szelekt\u00edv szerotonin \u00fajrafelv\u00e9tel-g\u00e1tl\u00f3k (SSRI) oszt\u00e1ly\u00e1ba tartozik. Eredetileg k\u00f6lts\u00e9ghat\u00e9kony lehet\u0151s\u00e9gk\u00e9nt vezett\u00e9k be a Prozac szabadalm\u00e1nak lej\u00e1rt\u00e1t k\u00f6vet\u0151en, \u00e9s hasonl\u00f3 el\u0151ny\u00f6ket k\u00edn\u00e1lt alacsonyabb \u00e1ron. Ezt a gy\u00f3gyszert els\u0151sorban s\u00falyos depresszi\u00f3s rendelleness\u00e9gek, r\u00f6geszm\u00e9s-k\u00e9nyszeres rendelleness\u00e9gek \u00e9s bizonyos szorong\u00e1sos rendelleness\u00e9gek kezel\u00e9s\u00e9re \u00edrj\u00e1k fel, t\u00f6bbek k\u00f6z\u00f6tt m\u00e1s ment\u00e1lis eg\u00e9szs\u00e9g\u00fcgyi \u00e1llapotok. <\/p>\n<p>Sz\u00e9les k\u00f6rben elterjedt haszn\u00e1lata ellen\u00e9re a Prozac Generic hat\u00e1sa jelent\u0151sen elt\u00e9rhet az egy\u00e9nek k\u00f6z\u00f6tt, \u00edgy mind a betegek, mind az eg\u00e9szs\u00e9g\u00fcgyi szolg\u00e1ltat\u00f3k sz\u00e1m\u00e1ra \u00e9rdekes t\u00e9ma. E k\u00fcl\u00f6nbs\u00e9gek meg\u00e9rt\u00e9se kulcsfontoss\u00e1g\u00fa a kezel\u00e9si tervek optimaliz\u00e1l\u00e1sa \u00e9s a betegek kimenetel\u00e9nek jav\u00edt\u00e1sa szempontj\u00e1b\u00f3l. Mint ilyen, a betegek t\u00f6rt\u00e9netei \u00e9rt\u00e9kes betekint\u00e9st ny\u00fajtanak a gy\u00f3gyszer haszn\u00e1lat\u00e1nak val\u00f3s k\u00f6vetkezm\u00e9nyeibe.<\/p>\n<h2>Gyakori tapasztalatok a Prozac Generic-kel<\/h2>\n<p>A betegek gyakran sz\u00e1molnak be k\u00fcl\u00f6nf\u00e9le tapasztalatokr\u00f3l a Prozac Generic szed\u00e9se sor\u00e1n, amelyek nagym\u00e9rt\u00e9kben f\u00fcggnek az egy\u00e9ni k\u00f6r\u00fclm\u00e9nyekt\u0151l, p\u00e9ld\u00e1ul a test k\u00e9mi\u00e1t\u00f3l, az adagol\u00e1st\u00f3l \u00e9s m\u00e1s eg\u00e9szs\u00e9g\u00fcgyi \u00e1llapotok jelenl\u00e9t\u00e9t\u0151l. Sokan \u00edrnak le egy kezdeti alkalmazkod\u00e1si id\u0151szakot, amely sor\u00e1n enyhe mell\u00e9khat\u00e1sokat tapasztalhatnak, p\u00e9ld\u00e1ul h\u00e1nyingert vagy fejf\u00e1j\u00e1st. Ezek a t\u00fcnetek \u00e1ltal\u00e1ban cs\u00f6kkennek, ahogy a szervezet alkalmazkodik a gy\u00f3gyszerhez.<\/p>\n<p>Egyesek sz\u00e1m\u00e1ra a gy\u00f3gyszer fokozatosan jav\u00edtja a hangulatot \u00e9s cs\u00f6kkenti a szorong\u00e1sos t\u00fcneteket. A betegek \u00e9szrevett\u00e9k, hogy t\u00f6bb h\u00e9tbe is telhet, mire jelent\u0151s v\u00e1ltoz\u00e1sokat \u00e9szlelnek, ami t\u00fcrelmet \u00e9s rendszeres konzult\u00e1ci\u00f3t ig\u00e9nyel az eg\u00e9szs\u00e9g\u00fcgyi szolg\u00e1ltat\u00f3kkal a halad\u00e1s nyomon k\u00f6vet\u00e9se \u00e9rdek\u00e9ben. N\u00e9h\u00e1ny beteg megeml\u00edti a Prozac Generic ter\u00e1pia eredm\u00e9nyek\u00e9nt nyugalmat \u00e9s megn\u00f6vekedett k\u00e9pess\u00e9get a napi stresszhelyzetek kezel\u00e9s\u00e9re.<\/p>\n<h2>Pozit\u00edv eredm\u00e9nyek a Prozac generikus haszn\u00e1lat\u00e1b\u00f3l<\/h2>\n<p>Sz\u00e1mos beteg sz\u00e1molt be pozit\u00edv eredm\u00e9nyekr\u0151l a Prozac Generic haszn\u00e1lat\u00e1val kapcsolatban, \u00e1ltal\u00e1nos ment\u00e1lis eg\u00e9szs\u00e9g\u00fck \u00e9s \u00e9letmin\u0151s\u00e9g\u00fck javul\u00e1s\u00e1ra hivatkozva. S\u00falyos depresszi\u00f3ban szenved\u0151k sz\u00e1m\u00e1ra a gy\u00f3gyszer \u00e1talak\u00edt\u00f3 hat\u00e1s\u00fa lehet, enyh\u00edtve az egykor lek\u00fczdhetetlennek t\u0171n\u0151 t\u00fcneteket. Sokan \u00fajonnan felfedezett k\u00e9pess\u00e9g\u00fcket fejezik ki, hogy t\u00e1rsadalmi tev\u00e9kenys\u00e9gekben vegyenek r\u00e9szt \u00e9s olyan szem\u00e9lyes \u00e9rdekl\u0151d\u00e9si k\u00f6r\u00f6ket k\u00f6vetjenek, amelyeket kor\u00e1bban be\u00e1rny\u00e9koltak a ment\u00e1lis eg\u00e9szs\u00e9ggel kapcsolatos k\u00fczdelmeik.<\/p>\n<p>Ezenk\u00edv\u00fcl a betegek kiemelt\u00e9k a megn\u00f6vekedett energiaszintet \u00e9s a motiv\u00e1ci\u00f3t a Prozac Generic jelent\u0151s el\u0151nyeik\u00e9nt. Ez lehet\u0151v\u00e9 tette sz\u00e1mukra, hogy jobban meg tudj\u00e1k oldani a munkahelyi \u00e9s otthoni k\u00f6telezetts\u00e9geiket, hozz\u00e1j\u00e1rulva egy kiegyens\u00falyozottabb \u00e9s teljesebb \u00e9letst\u00edlushoz. Ezeket a pozit\u00edv v\u00e1ltoz\u00e1sokat gyakran meger\u0151s\u00edtik a folyamatos ter\u00e1pia \u00e9s \u00e9letm\u00f3d-m\u00f3dos\u00edt\u00e1sok, amelyek egy\u00fcttesen egy holisztikus megk\u00f6zel\u00edt\u00e9st hoznak l\u00e9tre a ment\u00e1lis eg\u00e9szs\u00e9g kezel\u00e9s\u00e9ben.<\/p>\n<h2>A betegek \u00e1ltal jelentett kih\u00edv\u00e1sok \u00e9s mell\u00e9khat\u00e1sok<\/h2>\n<p>M\u00edg sok beteg pozit\u00edv eredm\u00e9nyeket tapasztal, m\u00e1sok a Prozac Generic-hez kapcsol\u00f3d\u00f3 kih\u00edv\u00e1sokr\u00f3l \u00e9s mell\u00e9khat\u00e1sokr\u00f3l sz\u00e1molnak be. A gyakran eml\u00edtett probl\u00e9m\u00e1k k\u00f6z\u00e9 tartoznak az alv\u00e1szavarok, p\u00e9ld\u00e1ul az \u00e1lmatlans\u00e1g vagy az \u00e9l\u00e9nk \u00e1lmok, amelyek befoly\u00e1solhatj\u00e1k az \u00e1ltal\u00e1nos j\u00f3l\u00e9tet. Egyes betegek az \u00e9tv\u00e1gy \u00e9s a tests\u00faly v\u00e1ltoz\u00e1sait is \u00e9szlelik, ami tov\u00e1bbi kezel\u00e9si strat\u00e9gi\u00e1kat ig\u00e9nyelhet.<\/p>\n<p>Egy\u00e9b eml\u00edtett mell\u00e9khat\u00e1sok k\u00f6z\u00e9 tartozik a szexu\u00e1lis diszfunkci\u00f3, amely sokak sz\u00e1m\u00e1ra \u00e9rz\u00e9keny t\u00e9ma lehet, de fontos, hogy az eg\u00e9szs\u00e9g\u00fcgyi szolg\u00e1ltat\u00f3kkal foglalkozzanak vele. Egyes esetekben ezek a mell\u00e9khat\u00e1sok vit\u00e1khoz vezethetnek az adagol\u00e1s m\u00f3dos\u00edt\u00e1s\u00e1r\u00f3l vagy az alternat\u00edv gy\u00f3gyszerekr\u0151l. Nagyon fontos, hogy a betegek ny\u00edltan kommunik\u00e1ljanak orvosaikkal, hogy megtal\u00e1lj\u00e1k a megfelel\u0151 kezel\u00e9si tervet, amely minimaliz\u00e1lja a negat\u00edv hat\u00e1sokat.<\/p>\n<h2>Prozac \u00e1ltal\u00e1nos \u00e9s ment\u00e1lis eg\u00e9szs\u00e9gfejleszt\u00e9s<\/h2>\n<p>A Prozac Generic hat\u00e1sa a ment\u00e1lis eg\u00e9szs\u00e9gre m\u00e9lyrehat\u00f3 lehet, sok betegn\u00e9l jelent\u0151s javul\u00e1s tapasztalhat\u00f3 a t\u00fcneteiben. A depresszi\u00f3ban szenved\u0151 egy\u00e9nek gyakran sz\u00e1molnak be a &quot;k\u00f6d&quot; ami k\u00eds\u00e9rte \u00e1llapotukat, lehet\u0151v\u00e9 t\u00e9ve sz\u00e1mukra, hogy tiszt\u00e1bban gondolkodjanak \u00e9s teljesebben bekapcsol\u00f3djanak az \u00e9letbe. <\/p>\n<p>Ezen t\u00falmen\u0151en a szorong\u00e1sos zavarban szenved\u0151 <a href=\"https:\/\/digitalispatika.com\/vasarolni-prozac-generikus-veny-nelkul\">https:\/\/digitalispatika.com\/vasarolni-prozac-generikus-veny-nelkul<\/a> betegek gyakran \u00edrj\u00e1k le idegess\u00e9g\u00fck cs\u00f6kken\u00e9s\u00e9t \u00e9s a szorong\u00e1sos helyzetek kezel\u00e9s\u00e9nek k\u00e9pess\u00e9g\u00e9nek n\u00f6veked\u00e9s\u00e9t. Ez nagyobb r\u00e9szv\u00e9telhez vezethet a munk\u00e1ban \u00e9s a t\u00e1rsadalmi k\u00f6rnyezetben, jav\u00edtva \u00e1ltal\u00e1nos \u00e9letmin\u0151s\u00e9g\u00fcket. Fontos megjegyezni, hogy ezek a javul\u00e1sok gyakran fokozatosak, \u00e9s folyamatos elk\u00f6telezetts\u00e9get ig\u00e9nyelnek a kezel\u00e9si rend mellett.<\/p>\n<h2>Szem\u00e9lyes besz\u00e1mol\u00f3k a Prozac \u00e1ltal\u00e1nos haszn\u00e1lat\u00e1r\u00f3l<\/h2>\n<p>A Prozac Generic hossz\u00fa t\u00e1v\u00fa haszn\u00e1l\u00f3i gyakran mes\u00e9lnek a ment\u00e1lis eg\u00e9szs\u00e9g tart\u00f3s stabilit\u00e1s\u00e1r\u00f3l \u00e9s a jobb ellen\u00e1ll\u00f3 k\u00e9pess\u00e9gr\u0151l. Sokak sz\u00e1m\u00e1ra a gy\u00f3gyszer a ment\u00e1lis eg\u00e9szs\u00e9g\u00fcgyi strat\u00e9gi\u00e1juk sarokk\u00f6v\u00e9v\u00e9 v\u00e1lik, stabil alapot biztos\u00edtva, amelyre m\u00e1s ter\u00e1pi\u00e1s int\u00e9zked\u00e9seket \u00e9p\u00edthetnek. Az eg\u00e9szs\u00e9g\u00fcgyi szolg\u00e1ltat\u00f3kkal v\u00e9gzett rendszeres nyomon k\u00f6vet\u00e9s biztos\u00edtja, hogy a kezel\u00e9s hat\u00e9kony maradjon, \u00e9s minden felmer\u00fcl\u0151 mell\u00e9khat\u00e1st azonnal kezeljenek.<\/p>\n<p>Egyes hossz\u00fa t\u00e1v\u00fa felhaszn\u00e1l\u00f3k azonban aggodalmukat fejezt\u00e9k ki a f\u00fcgg\u0151s\u00e9ggel \u00e9s az adagol\u00e1s id\u0151vel t\u00f6rt\u00e9n\u0151 m\u00f3dos\u00edt\u00e1s\u00e1nak lehets\u00e9ges sz\u00fcks\u00e9gess\u00e9g\u00e9vel kapcsolatban. Ez r\u00e1vil\u00e1g\u00edt a rendszeres orvosi vizsg\u00e1latok fontoss\u00e1g\u00e1ra a gy\u00f3gyszer folyamatos sz\u00fcks\u00e9gess\u00e9g\u00e9nek \u00e9s hat\u00e9konys\u00e1g\u00e1nak \u00e9rt\u00e9kel\u00e9se \u00e9rdek\u00e9ben. Sokak sz\u00e1m\u00e1ra a hossz\u00fa t\u00e1v\u00fa haszn\u00e1lat el\u0151nyei fel\u00fclm\u00falj\u00e1k a kih\u00edv\u00e1sokat, \u00e9s a betegek hangs\u00falyozz\u00e1k a t\u00e1mogat\u00f3 eg\u00e9szs\u00e9g\u00fcgyi csapat fontoss\u00e1g\u00e1t.<\/p>\n<h2>A Prozac Generic \u00f6sszehasonl\u00edt\u00e1sa a Prozac m\u00e1rkan\u00e9vvel<\/h2>\n<p>A betegek gyakran \u00e9rdekl\u0151dnek a Prozac Generic \u00e9s a m\u00e1rkanev\u0171 megfelel\u0151je, a Prozac k\u00f6z\u00f6tti k\u00fcl\u00f6nbs\u00e9gekr\u0151l. B\u00e1r mindk\u00e9t gy\u00f3gyszer ugyanazt a hat\u00f3anyagot, a fluoxetint tartalmazza, egyes felhaszn\u00e1l\u00f3k finom k\u00fcl\u00f6nbs\u00e9gekr\u0151l sz\u00e1molnak be a hat\u00e1sukban. Ezek a k\u00fcl\u00f6nbs\u00e9gek az inakt\u00edv \u00f6sszetev\u0151k elt\u00e9r\u00e9seinek vagy a generikus \u00e9s a m\u00e1rkanev\u0171 gy\u00f3gyszerek egy\u00e9ni meg\u00edt\u00e9l\u00e9s\u00e9nek tulajdon\u00edthat\u00f3k.<\/p>\n<p>A hat\u00e9konys\u00e1g tekintet\u00e9ben a klinikai vizsg\u00e1latok \u00e1ltal\u00e1ban nem tal\u00e1ltak jelent\u0151s k\u00fcl\u00f6nbs\u00e9get a kett\u0151 k\u00f6z\u00f6tt. A Prozac Generic k\u00f6lts\u00e9ghat\u00e9konys\u00e1ga azonban nagy el\u0151nyt jelent sok beteg sz\u00e1m\u00e1ra, lehet\u0151v\u00e9 t\u00e9ve sz\u00e1mukra, hogy p\u00e9nz\u00fcgyi megterhel\u00e9s n\u00e9lk\u00fcl hozz\u00e1f\u00e9rjenek a sz\u00fcks\u00e9ges kezel\u00e9shez. V\u00e9gs\u0151 soron a generikus \u00e9s a m\u00e1rkanev\u0171 gy\u00f3gyszerek k\u00f6z\u00f6tti v\u00e1laszt\u00e1s szem\u00e9lyes d\u00f6nt\u00e9s, amelyet az eg\u00e9szs\u00e9g\u00fcgyi szolg\u00e1ltat\u00f3kkal egyeztetve kell meghozni.<\/p>\n<h2>Prozac Generic a depresszi\u00f3 kezel\u00e9s\u00e9ben: Beteg betekint\u00e9s<\/h2>\n<p>A Prozac Generic-et depresszi\u00f3 kezel\u00e9s\u00e9re alkalmaz\u00f3 betegek gyakran kiemelik a gy\u00f3gyszer szerep\u00e9t a rem\u00e9nytelens\u00e9g \u00e9s a k\u00e9ts\u00e9gbees\u00e9s \u00e9rz\u00e9s\u00e9nek enyh\u00edt\u00e9s\u00e9ben. Sokan azt \u00edrj\u00e1k le, hogy javult a k\u00e9pess\u00e9g\u00fck, hogy megtapasztalj\u00e1k az \u00f6r\u00f6m\u00f6t \u00e9s r\u00e9szt vegyenek olyan tev\u00e9kenys\u00e9gekben, amelyeket kor\u00e1bban \u00e9lveztek. Ez a meg\u00fajult \u00e9rdekl\u0151d\u00e9s \u00e9s motiv\u00e1ci\u00f3 kritikus lehet a fel\u00e9p\u00fcl\u00e9si folyamatban.<\/p>\n<p>Ezenk\u00edv\u00fcl a betegek gyakran emlegetik a Prozac Generic szerep\u00e9t a hangulati ingadoz\u00e1sok stabiliz\u00e1l\u00e1s\u00e1ban, a depresszi\u00f3s epiz\u00f3dok gyakoris\u00e1g\u00e1nak \u00e9s intenzit\u00e1s\u00e1nak cs\u00f6kkent\u00e9s\u00e9ben. Ez a stabilit\u00e1s lehet\u0151v\u00e9 teszi az egy\u00e9nek sz\u00e1m\u00e1ra, hogy kezel\u00e9s\u00fck m\u00e1s aspektusaira \u00f6sszpontos\u00edtsanak, p\u00e9ld\u00e1ul a kognit\u00edv viselked\u00e9ster\u00e1pi\u00e1ra, amely tov\u00e1bb fokozhatja fel\u00e9p\u00fcl\u00e9si \u00fatjukat.<\/p>\n<h2>Szorong\u00e1skezel\u00e9s: T\u00f6rt\u00e9netek a Prozac Generic felhaszn\u00e1l\u00f3kt\u00f3l<\/h2>\n<p>A szorong\u00e1sos zavarokkal k\u00fczd\u0151k sz\u00e1m\u00e1ra a Prozac Generic jelent\u0151s enyh\u00fcl\u00e9st k\u00edn\u00e1lhat. A betegek gyakran mes\u00e9lnek a cs\u00f6kkent szorong\u00e1sos szintr\u0151l \u00e9s arr\u00f3l, hogy megn\u0151tt a napi kih\u00edv\u00e1sokkal val\u00f3 szemben\u00e9z\u00e9si k\u00e9pess\u00e9g\u00fck els\u00f6pr\u0151 f\u00e9lelem n\u00e9lk\u00fcl. Ez az \u00fajonnan megszerzett \u00f6nbizalom jobb szoci\u00e1lis interakci\u00f3khoz \u00e9s akt\u00edvabb \u00e9letm\u00f3dhoz vezethet.<\/p>\n<p>B\u00e1r a Prozac Generic nem gy\u00f3gy\u00edtja a szorong\u00e1st, hat\u00e9kony \u00f6sszetev\u0151je lehet egy \u00e1tfog\u00f3 kezel\u00e9si tervnek. A betegek gyakran kombin\u00e1lj\u00e1k a gy\u00f3gyszeres kezel\u00e9st ter\u00e1pi\u00e1val, figyelemfelkelt\u0151 gyakorlatokkal \u00e9s \u00e9letm\u00f3dbeli v\u00e1ltoztat\u00e1sokkal a legjobb eredm\u00e9ny el\u00e9r\u00e9se \u00e9rdek\u00e9ben. E t\u00f6rt\u00e9netek megoszt\u00e1sa arra \u00f6szt\u00f6n\u00f6z m\u00e1sokat, hogy k\u00e9rjenek seg\u00edts\u00e9get, \u00e9s meg\u00e9rts\u00e9k, hogy lehets\u00e9ges a hat\u00e9kony ir\u00e1ny\u00edt\u00e1s.<\/p>\n<h2>A Prozac Generic \u00e9s hat\u00e1sa a mindennapi \u00e9letre<\/h2>\n<p>A Prozac Generic hat\u00e1sa a mindennapi \u00e9letre sokr\u00e9t\u0171, sok beteg arr\u00f3l sz\u00e1molt be, hogy jobban tudja kezelni a stresszt \u00e9s kezelni a mindennapi feladatokat. Ez a csal\u00e1ddal \u00e9s a bar\u00e1tokkal val\u00f3 kapcsolatok javul\u00e1s\u00e1hoz vezethet, mivel az egy\u00e9nek jobban felk\u00e9sz\u00fcltek a kommunik\u00e1ci\u00f3ra \u00e9s a k\u00f6z\u00f6s tev\u00e9kenys\u00e9gekben val\u00f3 r\u00e9szv\u00e9telre.<\/p>\n<p>Egyes betegek azonban neh\u00e9zs\u00e9geket tapasztalnak a gy\u00f3gyszeres kezel\u00e9s \u00e9s a napi rutin k\u00f6z\u00f6tti egyens\u00faly megteremt\u00e9s\u00e9ben, k\u00fcl\u00f6n\u00f6sen a kezel\u00e9s korai szakasz\u00e1ban. A k\u00f6vetkezetes rutin kialak\u00edt\u00e1sa \u00e9s az eg\u00e9szs\u00e9g\u00fcgyi szolg\u00e1ltat\u00f3k t\u00e1mogat\u00e1s\u00e1nak k\u00e9r\u00e9se seg\u00edthet enyh\u00edteni ezeket a kih\u00edv\u00e1sokat, lehet\u0151v\u00e9 t\u00e9ve a betegek sz\u00e1m\u00e1ra, hogy teljes m\u00e9rt\u00e9kben r\u00e9szes\u00fcljenek kezel\u00e9s\u00fckb\u0151l.<\/p>\n<h2>Tippek a betegeknek a Prozac Generic elind\u00edt\u00e1s\u00e1hoz<\/h2>\n<p>A Prozac Generic-et kezd\u0151 betegek gyakran k\u00edn\u00e1lnak \u00e9rt\u00e9kes tippeket az \u00fajoncoknak, hangs\u00falyozva a t\u00fcrelem \u00e9s az eg\u00e9szs\u00e9g\u00fcgyi szolg\u00e1ltat\u00f3kkal val\u00f3 ny\u00edlt kommunik\u00e1ci\u00f3 fontoss\u00e1g\u00e1t. Sokan azt javasolj\u00e1k, hogy a kezdeti mell\u00e9khat\u00e1sok minimaliz\u00e1l\u00e1sa \u00e9rdek\u00e9ben kezdje alacsony d\u00f3zissal, \u00e9s fokozatosan n\u00f6velje az orvos tan\u00e1csa szerint.<\/p>\n<p>Ezenk\u00edv\u00fcl a betegek azt tan\u00e1csolj\u00e1k, hogy napl\u00f3t vezessenek a hangulatv\u00e1ltoz\u00e1sok \u00e9s a mell\u00e9khat\u00e1sok nyomon k\u00f6vet\u00e9s\u00e9re, ami hasznos lehet az eg\u00e9szs\u00e9g\u00fcgyi szolg\u00e1ltat\u00f3kkal folytatott megbesz\u00e9l\u00e9sek sor\u00e1n. Ha t\u00e1j\u00e9kozott \u00e9s proakt\u00edv marad a ment\u00e1lis eg\u00e9szs\u00e9g\u00e9vel kapcsolatban, az sikeresebb kezel\u00e9si eredm\u00e9nyekhez \u00e9s g\u00f6rd\u00fcl\u00e9kenyebb alkalmazkod\u00e1si id\u0151szakhoz vezethet.<\/p>\n<h2>Adagol\u00e1s m\u00f3dos\u00edt\u00e1sa: A betegek tapasztalatai \u00e9s tan\u00e1csai<\/h2>\n<p>Az adagol\u00e1s m\u00f3dos\u00edt\u00e1sa a Prozac Generic kezel\u00e9si \u00fat k\u00f6z\u00f6s r\u00e9sze. A betegek gyakran arr\u00f3l sz\u00e1molnak be, hogy a megfelel\u0151 adag megtal\u00e1l\u00e1sa id\u0151t vehet ig\u00e9nybe, \u00e9s t\u00f6bb m\u00f3dos\u00edt\u00e1st is ig\u00e9nyelhet. Alapvet\u0151 fontoss\u00e1g\u00fa, hogy a folyamat sor\u00e1n szorosan egy\u00fcttm\u0171k\u00f6djenek egy eg\u00e9szs\u00e9g\u00fcgyi szolg\u00e1ltat\u00f3val a biztons\u00e1g \u00e9s a hat\u00e9konys\u00e1g \u00e9rdek\u00e9ben.<\/p>\n<p>Egyes betegek azt tan\u00e1csolj\u00e1k m\u00e1soknak, hogy legyenek t\u00fcrelmesek, \u00e9s ne cs\u00fcggedjenek, ha az els\u0151 adag nem hozza meg a k\u00edv\u00e1nt eredm\u00e9nyt. A korrekci\u00f3 a kezel\u00e9si folyamat norm\u00e1lis r\u00e9sz\u00e9t k\u00e9pezi, \u00e9s kitart\u00e1ssal \u00e9s t\u00e1mogat\u00e1ssal sok beteg tal\u00e1l olyan adagot, amely hat\u00e9konyan kezeli t\u00fcneteit.<\/p>\n<h2>Prozac generikus \u00e9s k\u00f6lcs\u00f6nhat\u00e1s m\u00e1s gy\u00f3gyszerekkel<\/h2>\n<p>A Prozac Generic-et szed\u0151 betegek m\u00e1s gy\u00f3gyszereket is szedhetnek, ez\u00e9rt gondos kezel\u00e9sre van sz\u00fcks\u00e9g a k\u00e1ros k\u00f6lcs\u00f6nhat\u00e1sok elker\u00fcl\u00e9se \u00e9rdek\u00e9ben. A lehets\u00e9ges sz\u00f6v\u0151dm\u00e9nyek megel\u0151z\u00e9se \u00e9rdek\u00e9ben l\u00e9tfontoss\u00e1g\u00fa, hogy a betegek t\u00e1j\u00e9koztass\u00e1k eg\u00e9szs\u00e9g\u00fcgyi szolg\u00e1ltat\u00f3ikat az \u00e1ltaluk szedett \u00f6sszes gy\u00f3gyszerr\u0151l \u00e9s \u00e9trend-kieg\u00e9sz\u00edt\u0151r\u0151l.<\/p>\n<p>Egyes betegek arr\u00f3l sz\u00e1molnak be, hogy orvosaik sikeresen kezelt\u00e9k a k\u00f6lcs\u00f6nhat\u00e1sokat az adagol\u00e1s vagy a gy\u00f3gyszeradagol\u00e1s id\u0151z\u00edt\u00e9s\u00e9nek m\u00f3dos\u00edt\u00e1s\u00e1val. Ez r\u00e1vil\u00e1g\u00edt az eg\u00e9szs\u00e9g\u00fcgyi szolg\u00e1ltat\u00f3kkal folytatott ny\u00edlt \u00e9s folyamatos p\u00e1rbesz\u00e9d fontoss\u00e1g\u00e1ra a biztons\u00e1gos \u00e9s hat\u00e9kony kezel\u00e9si terv biztos\u00edt\u00e1sa \u00e9rdek\u00e9ben.<\/p>\n<h2>A t\u00e1mogat\u00f3 rendszerek szerepe a Prozac generikus kezel\u00e9sben<\/h2>\n<p>A t\u00e1mogat\u00f3 rendszerek kritikus szerepet j\u00e1tszanak a Prozac Generic kezel\u00e9s siker\u00e9ben. A betegek gyakran hangs\u00falyozz\u00e1k annak fontoss\u00e1g\u00e1t, hogy olyan csal\u00e1dtagok, bar\u00e1tok \u00e9s t\u00e1mogat\u00f3 csoportok legyenek, akik meg\u00e9rtik az utaz\u00e1sukat, \u00e9s b\u00e1tor\u00edt\u00e1st \u00e9s emp\u00e1ti\u00e1t tudnak ny\u00fajtani.<\/p>\n<p>A hasonl\u00f3 tapasztalatokkal rendelkez\u0151 m\u00e1sokkal val\u00f3 kapcsolatfelv\u00e9tel tov\u00e1bbi betekint\u00e9st \u00e9s megk\u00fczd\u00e9si strat\u00e9gi\u00e1kat k\u00edn\u00e1lhat, meger\u0151s\u00edtve a gy\u00f3gyszeres kezel\u00e9s hat\u00e9konys\u00e1g\u00e1t. Sok beteg \u00fagy tal\u00e1lja, hogy egy er\u0151s t\u00e1mogat\u00f3 h\u00e1l\u00f3zat jav\u00edtja \u00e1ltal\u00e1nos kezel\u00e9si tapasztalatait, hozz\u00e1j\u00e1rulva a ment\u00e1lis eg\u00e9szs\u00e9g tart\u00f3s javul\u00e1s\u00e1hoz.<\/p>\n<h2>J\u00f6v\u0151beli megfontol\u00e1sok: Mit rem\u00e9lnek a betegek a Prozac Generict\u0151l<\/h2>\n<p>A j\u00f6v\u0151re n\u00e9zve sok beteg rem\u00e9ny\u00e9t fejezi ki a ment\u00e1lis eg\u00e9szs\u00e9g\u00fcgyi kezel\u00e9sek folyamatos fejl\u0151d\u00e9s\u00e9ben, bele\u00e9rtve a generikus gy\u00f3gyszerek, p\u00e9ld\u00e1ul a Prozac tov\u00e1bbi fejleszt\u00e9seit. Vannak, akik szem\u00e9lyre szabottabb orvosi megk\u00f6zel\u00edt\u00e9st szeretn\u00e9nek, amely figyelembe veszi a genetikai t\u00e9nyez\u0151ket \u00e9s a kezel\u00e9sre adott egy\u00e9ni v\u00e1laszokat.<\/p>\n<p>Ezenk\u00edv\u00fcl a betegek nagyobb tudatoss\u00e1gban \u00e9s a ment\u00e1lis eg\u00e9szs\u00e9gi \u00e1llapotokkal \u00e9s kezel\u00e9s\u00fckkel kapcsolatos megb\u00e9lyegz\u00e9sben rem\u00e9nykednek. T\u00f6rt\u00e9neteik \u00e9s tapasztalataik megoszt\u00e1s\u00e1val arra t\u00f6rekszenek, hogy hozz\u00e1j\u00e1ruljanak a ment\u00e1lis eg\u00e9szs\u00e9g t\u00e1gabb meg\u00e9rt\u00e9s\u00e9hez, \u00e9s t\u00e1mogass\u00e1k a folyamatban l\u00e9v\u0151 kutat\u00e1st \u00e9s fejleszt\u00e9st ezen a l\u00e9tfontoss\u00e1g\u00fa ter\u00fcleten.<\/p>\n","protected":false},"excerpt":{"rendered":"<p>Betegt\u00f6rt\u00e9netek: mir\u0151l sz\u00e1molnak be az emberek a Prozac Genericr\u0151l A Prozac Generic-et haszn\u00e1l\u00f3 betegek v\u00e1ltozatos tapasztalatait felt\u00e1rva ez a cikk a ment\u00e1lis eg\u00e9szs\u00e9ggel kapcsolatos utaz\u00e1sokr\u00f3l \u00e9s a gy\u00f3gyszerek hat\u00e1sair\u00f3l sz\u00f3l\u00f3 szem\u00e9lyes t\u00f6rt\u00e9neteket t\u00e1rgyalja. A Prozac Generic bemutat\u00e1sa: \u00c1ttekint\u00e9s A Prozac Generic, tudom\u00e1nyos nev\u00e9n fluoxetin, egy sz\u00e9les k\u00f6rben haszn\u00e1lt antidepressz\u00e1ns, amely a szelekt\u00edv szerotonin \u00fajrafelv\u00e9tel-g\u00e1tl\u00f3k (SSRI) [&hellip;]<\/p>\n","protected":false},"author":1,"featured_media":0,"parent":0,"menu_order":0,"comment_status":"closed","ping_status":"closed","template":"","meta":[],"_links":{"self":[{"href":"http:\/\/www.scope25.com\/index.php?rest_route=\/wp\/v2\/pages\/37602"}],"collection":[{"href":"http:\/\/www.scope25.com\/index.php?rest_route=\/wp\/v2\/pages"}],"about":[{"href":"http:\/\/www.scope25.com\/index.php?rest_route=\/wp\/v2\/types\/page"}],"author":[{"embeddable":true,"href":"http:\/\/www.scope25.com\/index.php?rest_route=\/wp\/v2\/users\/1"}],"replies":[{"embeddable":true,"href":"http:\/\/www.scope25.com\/index.php?rest_route=%2Fwp%2Fv2%2Fcomments&post=37602"}],"version-history":[{"count":1,"href":"http:\/\/www.scope25.com\/index.php?rest_route=\/wp\/v2\/pages\/37602\/revisions"}],"predecessor-version":[{"id":37604,"href":"http:\/\/www.scope25.com\/index.php?rest_route=\/wp\/v2\/pages\/37602\/revisions\/37604"}],"wp:attachment":[{"href":"http:\/\/www.scope25.com\/index.php?rest_route=%2Fwp%2Fv2%2Fmedia&parent=37602"}],"curies":[{"name":"wp","href":"https:\/\/api.w.org\/{rel}","templated":true}]}}