{"id":36868,"date":"2026-03-22T23:24:26","date_gmt":"2026-03-22T23:24:26","guid":{"rendered":"https:\/\/www.scope25.com\/?page_id=36868"},"modified":"2026-03-22T23:24:26","modified_gmt":"2026-03-22T23:24:26","slug":"forsta-propecia-generic-en-oversikt","status":"publish","type":"page","link":"http:\/\/www.scope25.com\/?page_id=36868","title":{"rendered":"F\u00f6rst\u00e5 Propecia Generic: En \u00f6versikt"},"content":{"rendered":"","protected":false},"excerpt":{"rendered":"","protected":false},"author":1,"featured_media":0,"parent":0,"menu_order":0,"comment_status":"closed","ping_status":"closed","template":"","meta":[],"_links":{"self":[{"href":"http:\/\/www.scope25.com\/index.php?rest_route=\/wp\/v2\/pages\/36868"}],"collection":[{"href":"http:\/\/www.scope25.com\/index.php?rest_route=\/wp\/v2\/pages"}],"about":[{"href":"http:\/\/www.scope25.com\/index.php?rest_route=\/wp\/v2\/types\/page"}],"author":[{"embeddable":true,"href":"http:\/\/www.scope25.com\/index.php?rest_route=\/wp\/v2\/users\/1"}],"replies":[{"embeddable":true,"href":"http:\/\/www.scope25.com\/index.php?rest_route=%2Fwp%2Fv2%2Fcomments&post=36868"}],"version-history":[{"count":1,"href":"http:\/\/www.scope25.com\/index.php?rest_route=\/wp\/v2\/pages\/36868\/revisions"}],"predecessor-version":[{"id":36870,"href":"http:\/\/www.scope25.com\/index.php?rest_route=\/wp\/v2\/pages\/36868\/revisions\/36870"}],"wp:attachment":[{"href":"http:\/\/www.scope25.com\/index.php?rest_route=%2Fwp%2Fv2%2Fmedia&parent=36868"}],"curies":[{"name":"wp","href":"https:\/\/api.w.org\/{rel}","templated":true}]}}